{"id":7282,"date":"2025-06-28T18:21:22","date_gmt":"2025-06-28T16:21:22","guid":{"rendered":"https:\/\/uj.adatbank.ro\/lexikon\/termek\/eltes-gabor-alajos-p\/"},"modified":"2025-06-28T18:21:22","modified_gmt":"2025-06-28T16:21:22","slug":"eltes-gabor-alajos-p","status":"publish","type":"product","link":"https:\/\/uj.adatbank.ro\/lexikon\/termek\/eltes-gabor-alajos-p\/","title":{"rendered":"\u00c9LTES G\u00e1bor Alajos, P."},"content":{"rendered":"<p>Tusn\u00e1d, 1878. j\u00fal. 12., \u2020 Mikh\u00e1za, 1912. szept. 4.: ferences szerzetes. \u2013 Be\u00f6lt\u00f6z\u00f6tt (1895. szept. 5.). <br \/><strong>Irod.:<\/strong> Gy\u00f6rgy: A ferencrendiek<\/br><\/p>\n","protected":false},"excerpt":{"rendered":"<p>Tusn\u00e1d, 1878. j\u00fal. 12., \u2020 Mikh\u00e1za, 1912. szept. 4.: ferences szerzetes. \u2013 Be\u00f6lt\u00f6z\u00f6tt (1895. szept. 5.). Irod.: Gy\u00f6rgy: A ferencrendiek<\/p>\n","protected":false},"featured_media":0,"comment_status":"open","ping_status":"closed","template":"","meta":[],"product_brand":[],"product_cat":[137],"product_tag":[],"class_list":{"0":"post-7282","1":"product","2":"type-product","3":"status-publish","5":"product_cat-maros-megyei-eletrajzi-lexikon","7":"first","8":"instock","9":"shipping-taxable","10":"product-type-simple"},"_links":{"self":[{"href":"https:\/\/uj.adatbank.ro\/lexikon\/wp-json\/wp\/v2\/product\/7282","targetHints":{"allow":["GET"]}}],"collection":[{"href":"https:\/\/uj.adatbank.ro\/lexikon\/wp-json\/wp\/v2\/product"}],"about":[{"href":"https:\/\/uj.adatbank.ro\/lexikon\/wp-json\/wp\/v2\/types\/product"}],"replies":[{"embeddable":true,"href":"https:\/\/uj.adatbank.ro\/lexikon\/wp-json\/wp\/v2\/comments?post=7282"}],"wp:attachment":[{"href":"https:\/\/uj.adatbank.ro\/lexikon\/wp-json\/wp\/v2\/media?parent=7282"}],"wp:term":[{"taxonomy":"product_brand","embeddable":true,"href":"https:\/\/uj.adatbank.ro\/lexikon\/wp-json\/wp\/v2\/product_brand?post=7282"},{"taxonomy":"product_cat","embeddable":true,"href":"https:\/\/uj.adatbank.ro\/lexikon\/wp-json\/wp\/v2\/product_cat?post=7282"},{"taxonomy":"product_tag","embeddable":true,"href":"https:\/\/uj.adatbank.ro\/lexikon\/wp-json\/wp\/v2\/product_tag?post=7282"}],"curies":[{"name":"wp","href":"https:\/\/api.w.org\/{rel}","templated":true}]}}