{"id":7284,"date":"2025-06-28T18:21:28","date_gmt":"2025-06-28T16:21:28","guid":{"rendered":"https:\/\/uj.adatbank.ro\/lexikon\/termek\/elteto-albert-zilahi\/"},"modified":"2025-06-28T18:21:28","modified_gmt":"2025-06-28T16:21:28","slug":"elteto-albert-zilahi","status":"publish","type":"product","link":"https:\/\/uj.adatbank.ro\/lexikon\/termek\/elteto-albert-zilahi\/","title":{"rendered":"\u00c9LTET\u0150 Albert, zilahi"},"content":{"rendered":"<p>Magyarr\u00e9gen, 1870., \u2020\u00a0Magyarr\u00e9gen, 1914. j\u00fal. 13.: f\u00f6ldbirtokos, bankigazgat\u00f3. \u2013 \u00c9. Albert \u00e9s Lutsch Sarolta fia. Feles\u00e9ge: Urm\u00e1nczy Janka. \u2013 R\u00e9gi nemesi csal\u00e1db\u00f3l sz\u00e1rmazott. K\u00f6z\u00e9piskol\u00e1it \u00e9s a kereskedelmi akad.-\u00e1t Kv.-on v\u00e9gezte, ut\u00e1na a csal\u00e1di birtokon (2000 hold) gazd\u00e1lkodott Sz\u00e1szr\u00e9genben. A magyarr\u00e9geni Bank vez\u00e9rigazgat\u00f3ja, a g\u00f6rg\u00e9nyker\u00fcleti ref. egyh\u00e1z f\u0151gondnoka volt. A marosi tutajoz\u00e1st el\u0151mozd\u00edt\u00f3 t\u00e1rsulat eln\u00f6ke volt. Hal\u00e1la ut\u00e1n \u00f6zvegye vezette a csal\u00e1di birtokot, amelynek egyr\u00e9sz\u00e9t (20 % k.), az 1921-es f\u00f6ldreformot k\u00f6vet\u0151en, kisaj\u00e1t\u00edtott\u00e1k. Fiaival egy\u00fctt szeszgy\u00e1rat vezetett Marosfelfaluban (1926). <br \/><strong>Irod.:<\/strong> B\u00edr\u00f3 Don\u00e1t; Gy\u00e1szjelent\u0151; K\u00e1d\u00e1r \u2013 P\u00e1l-Antal; K\u00e1d\u00e1r Zsombor: K\u00e9t \u00fczemismertet\u00e9s haszna  =  K\u00e1d\u00e1r Zsombor: Sz\u00e9kelyf\u00f6ldi erd\u00e9szeti arck\u00e9pcsarnok (Bp., 1999); Pan\u0103; Sz\u00e9kelyf\u00f6ld \u00ed.k.<\/br><\/p>\n","protected":false},"excerpt":{"rendered":"<p>Magyarr\u00e9gen, 1870., \u2020\u00a0Magyarr\u00e9gen, 1914. j\u00fal. 13.: f\u00f6ldbirtokos, bankigazgat\u00f3. \u2013 \u00c9. Albert \u00e9s Lutsch Sarolta fia. Feles\u00e9ge: Urm\u00e1nczy Janka. \u2013 R\u00e9gi nemesi csal\u00e1db\u00f3l sz\u00e1rmazott. K\u00f6z\u00e9piskol\u00e1it \u00e9s a kereskedelmi akad.-\u00e1t Kv.-on v\u00e9gezte, ut\u00e1na a csal\u00e1di birtokon (2000 hold) gazd\u00e1lkodott Sz\u00e1szr\u00e9genben. A magyarr\u00e9geni Bank vez\u00e9rigazgat\u00f3ja, a g\u00f6rg\u00e9nyker\u00fcleti ref. egyh\u00e1z f\u0151gondnoka volt. A marosi tutajoz\u00e1st el\u0151mozd\u00edt\u00f3 t\u00e1rsulat eln\u00f6ke volt. [&hellip;]<\/p>\n","protected":false},"featured_media":0,"comment_status":"open","ping_status":"closed","template":"","meta":[],"product_brand":[],"product_cat":[137],"product_tag":[],"class_list":{"0":"post-7284","1":"product","2":"type-product","3":"status-publish","5":"product_cat-maros-megyei-eletrajzi-lexikon","7":"first","8":"instock","9":"shipping-taxable","10":"product-type-simple"},"_links":{"self":[{"href":"https:\/\/uj.adatbank.ro\/lexikon\/wp-json\/wp\/v2\/product\/7284","targetHints":{"allow":["GET"]}}],"collection":[{"href":"https:\/\/uj.adatbank.ro\/lexikon\/wp-json\/wp\/v2\/product"}],"about":[{"href":"https:\/\/uj.adatbank.ro\/lexikon\/wp-json\/wp\/v2\/types\/product"}],"replies":[{"embeddable":true,"href":"https:\/\/uj.adatbank.ro\/lexikon\/wp-json\/wp\/v2\/comments?post=7284"}],"wp:attachment":[{"href":"https:\/\/uj.adatbank.ro\/lexikon\/wp-json\/wp\/v2\/media?parent=7284"}],"wp:term":[{"taxonomy":"product_brand","embeddable":true,"href":"https:\/\/uj.adatbank.ro\/lexikon\/wp-json\/wp\/v2\/product_brand?post=7284"},{"taxonomy":"product_cat","embeddable":true,"href":"https:\/\/uj.adatbank.ro\/lexikon\/wp-json\/wp\/v2\/product_cat?post=7284"},{"taxonomy":"product_tag","embeddable":true,"href":"https:\/\/uj.adatbank.ro\/lexikon\/wp-json\/wp\/v2\/product_tag?post=7284"}],"curies":[{"name":"wp","href":"https:\/\/api.w.org\/{rel}","templated":true}]}}