{"id":7297,"date":"2025-06-28T18:21:52","date_gmt":"2025-06-28T16:21:52","guid":{"rendered":"https:\/\/uj.adatbank.ro\/lexikon\/termek\/emrich-mihaly\/"},"modified":"2025-06-28T18:21:52","modified_gmt":"2025-06-28T16:21:52","slug":"emrich-mihaly","status":"publish","type":"product","link":"https:\/\/uj.adatbank.ro\/lexikon\/termek\/emrich-mihaly\/","title":{"rendered":"EMRICH Mih\u00e1ly"},"content":{"rendered":"<p>Als\u00f3idecs, 1914. szept. 10., \u2020 Bp., 1944. okt.4.: honv\u00e9d. \u2013 Anyja Kacs\u00f3 Lidia. \u2013 Honv\u00e9d a 27\/II.z\u00e1szl\u00f3aljban. Bp.-en a Szent Istv\u00e1n k\u00f3rh\u00e1zban l\u00e1bamput\u00e1ci\u00f3 ut\u00e1n halt meg. R\u00e1koskereszt\u00faron temett\u00e9k el. <br \/><strong>Irod.:<\/strong> Berekm\u00e9ri 2015<\/br><\/p>\n","protected":false},"excerpt":{"rendered":"<p>Als\u00f3idecs, 1914. szept. 10., \u2020 Bp., 1944. okt.4.: honv\u00e9d. \u2013 Anyja Kacs\u00f3 Lidia. \u2013 Honv\u00e9d a 27\/II.z\u00e1szl\u00f3aljban. Bp.-en a Szent Istv\u00e1n k\u00f3rh\u00e1zban l\u00e1bamput\u00e1ci\u00f3 ut\u00e1n halt meg. R\u00e1koskereszt\u00faron temett\u00e9k el. Irod.: Berekm\u00e9ri 2015<\/p>\n","protected":false},"featured_media":0,"comment_status":"open","ping_status":"closed","template":"","meta":[],"product_brand":[],"product_cat":[137],"product_tag":[],"class_list":{"0":"post-7297","1":"product","2":"type-product","3":"status-publish","5":"product_cat-maros-megyei-eletrajzi-lexikon","7":"first","8":"instock","9":"shipping-taxable","10":"product-type-simple"},"_links":{"self":[{"href":"https:\/\/uj.adatbank.ro\/lexikon\/wp-json\/wp\/v2\/product\/7297","targetHints":{"allow":["GET"]}}],"collection":[{"href":"https:\/\/uj.adatbank.ro\/lexikon\/wp-json\/wp\/v2\/product"}],"about":[{"href":"https:\/\/uj.adatbank.ro\/lexikon\/wp-json\/wp\/v2\/types\/product"}],"replies":[{"embeddable":true,"href":"https:\/\/uj.adatbank.ro\/lexikon\/wp-json\/wp\/v2\/comments?post=7297"}],"wp:attachment":[{"href":"https:\/\/uj.adatbank.ro\/lexikon\/wp-json\/wp\/v2\/media?parent=7297"}],"wp:term":[{"taxonomy":"product_brand","embeddable":true,"href":"https:\/\/uj.adatbank.ro\/lexikon\/wp-json\/wp\/v2\/product_brand?post=7297"},{"taxonomy":"product_cat","embeddable":true,"href":"https:\/\/uj.adatbank.ro\/lexikon\/wp-json\/wp\/v2\/product_cat?post=7297"},{"taxonomy":"product_tag","embeddable":true,"href":"https:\/\/uj.adatbank.ro\/lexikon\/wp-json\/wp\/v2\/product_tag?post=7297"}],"curies":[{"name":"wp","href":"https:\/\/api.w.org\/{rel}","templated":true}]}}