{"id":7298,"date":"2025-06-28T18:21:53","date_gmt":"2025-06-28T16:21:53","guid":{"rendered":"https:\/\/uj.adatbank.ro\/lexikon\/termek\/enache-ioan\/"},"modified":"2025-06-28T18:21:53","modified_gmt":"2025-06-28T16:21:53","slug":"enache-ioan","status":"publish","type":"product","link":"https:\/\/uj.adatbank.ro\/lexikon\/termek\/enache-ioan\/","title":{"rendered":"ENACHE Ioan"},"content":{"rendered":"<p>1925., ? \u2020 Mv., 1992. jan. 11.: orvos. \u2013 Le\u00e1nya: Smaranda. \u2013 A MOGYI-n v\u00e9gzett (1953). Fog\u00e1sz f\u0151orvos a mv.-i 1.sz. Fog\u00e1szati Poliklinik\u00e1n. <br \/><strong>Irod.:<\/strong> [Nekrol\u00f3g] (N\u00fa., 1992. jan. 14.)<\/br><\/p>\n","protected":false},"excerpt":{"rendered":"<p>1925., ? \u2020 Mv., 1992. jan. 11.: orvos. \u2013 Le\u00e1nya: Smaranda. \u2013 A MOGYI-n v\u00e9gzett (1953). Fog\u00e1sz f\u0151orvos a mv.-i 1.sz. Fog\u00e1szati Poliklinik\u00e1n. Irod.: [Nekrol\u00f3g] (N\u00fa., 1992. jan. 14.)<\/p>\n","protected":false},"featured_media":0,"comment_status":"open","ping_status":"closed","template":"","meta":[],"product_brand":[],"product_cat":[137],"product_tag":[],"class_list":{"0":"post-7298","1":"product","2":"type-product","3":"status-publish","5":"product_cat-maros-megyei-eletrajzi-lexikon","7":"first","8":"instock","9":"shipping-taxable","10":"product-type-simple"},"_links":{"self":[{"href":"https:\/\/uj.adatbank.ro\/lexikon\/wp-json\/wp\/v2\/product\/7298","targetHints":{"allow":["GET"]}}],"collection":[{"href":"https:\/\/uj.adatbank.ro\/lexikon\/wp-json\/wp\/v2\/product"}],"about":[{"href":"https:\/\/uj.adatbank.ro\/lexikon\/wp-json\/wp\/v2\/types\/product"}],"replies":[{"embeddable":true,"href":"https:\/\/uj.adatbank.ro\/lexikon\/wp-json\/wp\/v2\/comments?post=7298"}],"wp:attachment":[{"href":"https:\/\/uj.adatbank.ro\/lexikon\/wp-json\/wp\/v2\/media?parent=7298"}],"wp:term":[{"taxonomy":"product_brand","embeddable":true,"href":"https:\/\/uj.adatbank.ro\/lexikon\/wp-json\/wp\/v2\/product_brand?post=7298"},{"taxonomy":"product_cat","embeddable":true,"href":"https:\/\/uj.adatbank.ro\/lexikon\/wp-json\/wp\/v2\/product_cat?post=7298"},{"taxonomy":"product_tag","embeddable":true,"href":"https:\/\/uj.adatbank.ro\/lexikon\/wp-json\/wp\/v2\/product_tag?post=7298"}],"curies":[{"name":"wp","href":"https:\/\/api.w.org\/{rel}","templated":true}]}}