{"id":7300,"date":"2025-06-28T18:21:57","date_gmt":"2025-06-28T16:21:57","guid":{"rendered":"https:\/\/uj.adatbank.ro\/lexikon\/termek\/encsel-mor-%c2%a7\/"},"modified":"2025-06-28T18:21:57","modified_gmt":"2025-06-28T16:21:57","slug":"encsel-mor-%c2%a7","status":"publish","type":"product","link":"https:\/\/uj.adatbank.ro\/lexikon\/termek\/encsel-mor-%c2%a7\/","title":{"rendered":"ENCSEL M\u00f3r, \u00a7"},"content":{"rendered":"<p>1898., \u2020\u00a01933.: nagyv\u00e1radi munk\u00e1smozgalmi harcos. \u2013 Mv.-en a k\u00f6nny\u0171ipari g\u00e9pgy\u00e1rt\u00f3 \u00fczemet nevezt\u00e9k el r\u00f3la (1952. nov. 28.). <br \/><strong>Irod.:<\/strong> Fuchs Simon: H\u0151s\u00f6kre eml\u00e9kez\u00fcnk. E. M. (\u00daj \u00c9let, 17. sz., 1968); \u00dcnnep\u00e9lyes keretek k\u00f6z\u00f6tt avatt\u00e1k fel az E. M. \u00fczemet Mv.-en (V. Z. , 1952. dec. 2.).<\/br><\/p>\n","protected":false},"excerpt":{"rendered":"<p>1898., \u2020\u00a01933.: nagyv\u00e1radi munk\u00e1smozgalmi harcos. \u2013 Mv.-en a k\u00f6nny\u0171ipari g\u00e9pgy\u00e1rt\u00f3 \u00fczemet nevezt\u00e9k el r\u00f3la (1952. nov. 28.). Irod.: Fuchs Simon: H\u0151s\u00f6kre eml\u00e9kez\u00fcnk. E. M. (\u00daj \u00c9let, 17. sz., 1968); \u00dcnnep\u00e9lyes keretek k\u00f6z\u00f6tt avatt\u00e1k fel az E. M. \u00fczemet Mv.-en (V. Z. , 1952. dec. 2.).<\/p>\n","protected":false},"featured_media":0,"comment_status":"open","ping_status":"closed","template":"","meta":[],"product_brand":[],"product_cat":[137],"product_tag":[],"class_list":{"0":"post-7300","1":"product","2":"type-product","3":"status-publish","5":"product_cat-maros-megyei-eletrajzi-lexikon","7":"first","8":"instock","9":"shipping-taxable","10":"product-type-simple"},"_links":{"self":[{"href":"https:\/\/uj.adatbank.ro\/lexikon\/wp-json\/wp\/v2\/product\/7300","targetHints":{"allow":["GET"]}}],"collection":[{"href":"https:\/\/uj.adatbank.ro\/lexikon\/wp-json\/wp\/v2\/product"}],"about":[{"href":"https:\/\/uj.adatbank.ro\/lexikon\/wp-json\/wp\/v2\/types\/product"}],"replies":[{"embeddable":true,"href":"https:\/\/uj.adatbank.ro\/lexikon\/wp-json\/wp\/v2\/comments?post=7300"}],"wp:attachment":[{"href":"https:\/\/uj.adatbank.ro\/lexikon\/wp-json\/wp\/v2\/media?parent=7300"}],"wp:term":[{"taxonomy":"product_brand","embeddable":true,"href":"https:\/\/uj.adatbank.ro\/lexikon\/wp-json\/wp\/v2\/product_brand?post=7300"},{"taxonomy":"product_cat","embeddable":true,"href":"https:\/\/uj.adatbank.ro\/lexikon\/wp-json\/wp\/v2\/product_cat?post=7300"},{"taxonomy":"product_tag","embeddable":true,"href":"https:\/\/uj.adatbank.ro\/lexikon\/wp-json\/wp\/v2\/product_tag?post=7300"}],"curies":[{"name":"wp","href":"https:\/\/api.w.org\/{rel}","templated":true}]}}