{"id":7301,"date":"2025-06-28T18:22:00","date_gmt":"2025-06-28T16:22:00","guid":{"rendered":"https:\/\/uj.adatbank.ro\/lexikon\/termek\/ender-imre\/"},"modified":"2025-06-28T18:22:00","modified_gmt":"2025-06-28T16:22:00","slug":"ender-imre","status":"publish","type":"product","link":"https:\/\/uj.adatbank.ro\/lexikon\/termek\/ender-imre\/","title":{"rendered":"ENDER Imre"},"content":{"rendered":"<p>? \u2020 ? : k\u00e1v\u00e9h\u00e1ztulajdonos, v\u00e1llalkoz\u00f3. \u2013 A mv.-i Sz\u00e9kely Kioksz elnevez\u00e9s\u0171 vend\u00e9gl\u0151, \u00e9tterem vend\u00e9gl\u0151se (1912 k.). K\u00e1v\u00e9h\u00e1za volt Mv.-en. A d\u00e9si hadb\u00edr\u00f3s\u00e1g el\u00e9 \u00e1ll\u00edtott\u00e1k mert nem volt hajland\u00f3 a Korm\u00e1nyz\u00f3 Tan\u00e1cs \u00e1ltal megszabott v\u00e1lt\u00f3\u00e9rt\u00e9ken elfogadni a lejt.(1919). B\u00e9relte a Tornakerti \u00e9ttermet (1920). <br \/><strong>Irod.:<\/strong> Id\u0151t\u00e1r 3; Szentgy\u00f6rgyi<\/br><\/p>\n","protected":false},"excerpt":{"rendered":"<p>? \u2020 ? : k\u00e1v\u00e9h\u00e1ztulajdonos, v\u00e1llalkoz\u00f3. \u2013 A mv.-i Sz\u00e9kely Kioksz elnevez\u00e9s\u0171 vend\u00e9gl\u0151, \u00e9tterem vend\u00e9gl\u0151se (1912 k.). K\u00e1v\u00e9h\u00e1za volt Mv.-en. A d\u00e9si hadb\u00edr\u00f3s\u00e1g el\u00e9 \u00e1ll\u00edtott\u00e1k mert nem volt hajland\u00f3 a Korm\u00e1nyz\u00f3 Tan\u00e1cs \u00e1ltal megszabott v\u00e1lt\u00f3\u00e9rt\u00e9ken elfogadni a lejt.(1919). B\u00e9relte a Tornakerti \u00e9ttermet (1920). Irod.: Id\u0151t\u00e1r 3; Szentgy\u00f6rgyi<\/p>\n","protected":false},"featured_media":0,"comment_status":"open","ping_status":"closed","template":"","meta":[],"product_brand":[],"product_cat":[137],"product_tag":[],"class_list":{"0":"post-7301","1":"product","2":"type-product","3":"status-publish","5":"product_cat-maros-megyei-eletrajzi-lexikon","7":"first","8":"instock","9":"shipping-taxable","10":"product-type-simple"},"_links":{"self":[{"href":"https:\/\/uj.adatbank.ro\/lexikon\/wp-json\/wp\/v2\/product\/7301","targetHints":{"allow":["GET"]}}],"collection":[{"href":"https:\/\/uj.adatbank.ro\/lexikon\/wp-json\/wp\/v2\/product"}],"about":[{"href":"https:\/\/uj.adatbank.ro\/lexikon\/wp-json\/wp\/v2\/types\/product"}],"replies":[{"embeddable":true,"href":"https:\/\/uj.adatbank.ro\/lexikon\/wp-json\/wp\/v2\/comments?post=7301"}],"wp:attachment":[{"href":"https:\/\/uj.adatbank.ro\/lexikon\/wp-json\/wp\/v2\/media?parent=7301"}],"wp:term":[{"taxonomy":"product_brand","embeddable":true,"href":"https:\/\/uj.adatbank.ro\/lexikon\/wp-json\/wp\/v2\/product_brand?post=7301"},{"taxonomy":"product_cat","embeddable":true,"href":"https:\/\/uj.adatbank.ro\/lexikon\/wp-json\/wp\/v2\/product_cat?post=7301"},{"taxonomy":"product_tag","embeddable":true,"href":"https:\/\/uj.adatbank.ro\/lexikon\/wp-json\/wp\/v2\/product_tag?post=7301"}],"curies":[{"name":"wp","href":"https:\/\/api.w.org\/{rel}","templated":true}]}}