{"id":7302,"date":"2025-06-28T18:22:01","date_gmt":"2025-06-28T16:22:01","guid":{"rendered":"https:\/\/uj.adatbank.ro\/lexikon\/termek\/endes-gabor\/"},"modified":"2025-06-28T18:22:01","modified_gmt":"2025-06-28T16:22:01","slug":"endes-gabor","status":"publish","type":"product","link":"https:\/\/uj.adatbank.ro\/lexikon\/termek\/endes-gabor\/","title":{"rendered":"ENDES G\u00e1bor"},"content":{"rendered":"<p>1835, \u2020\u00a01893.: jog\u00e1sz. \u2013 Kv.-i jogakad\u00e9miai tan\u00e1r, dr., az KMTT tagja (1870). A mv.-i kir. t\u00e1bla kinevezett \u00fcln\u00f6ke (1870\u2013). <br \/><strong>Irod.:<\/strong> A M. K. Term\u00e9szettudom\u00e1nyi T\u00e1rsulat tagjainak n\u00e9vjegyz\u00e9ke (Bp., 1877); Vegyes h\u00edrek (Sz\u00e9kely H\u00edrlap, 1870. m\u00e1rc. 23.); \u00daIL<\/br><\/p>\n","protected":false},"excerpt":{"rendered":"<p>1835, \u2020\u00a01893.: jog\u00e1sz. \u2013 Kv.-i jogakad\u00e9miai tan\u00e1r, dr., az KMTT tagja (1870). A mv.-i kir. t\u00e1bla kinevezett \u00fcln\u00f6ke (1870\u2013). Irod.: A M. K. Term\u00e9szettudom\u00e1nyi T\u00e1rsulat tagjainak n\u00e9vjegyz\u00e9ke (Bp., 1877); Vegyes h\u00edrek (Sz\u00e9kely H\u00edrlap, 1870. m\u00e1rc. 23.); \u00daIL<\/p>\n","protected":false},"featured_media":0,"comment_status":"open","ping_status":"closed","template":"","meta":[],"product_brand":[],"product_cat":[137],"product_tag":[],"class_list":{"0":"post-7302","1":"product","2":"type-product","3":"status-publish","5":"product_cat-maros-megyei-eletrajzi-lexikon","7":"first","8":"instock","9":"shipping-taxable","10":"product-type-simple"},"_links":{"self":[{"href":"https:\/\/uj.adatbank.ro\/lexikon\/wp-json\/wp\/v2\/product\/7302","targetHints":{"allow":["GET"]}}],"collection":[{"href":"https:\/\/uj.adatbank.ro\/lexikon\/wp-json\/wp\/v2\/product"}],"about":[{"href":"https:\/\/uj.adatbank.ro\/lexikon\/wp-json\/wp\/v2\/types\/product"}],"replies":[{"embeddable":true,"href":"https:\/\/uj.adatbank.ro\/lexikon\/wp-json\/wp\/v2\/comments?post=7302"}],"wp:attachment":[{"href":"https:\/\/uj.adatbank.ro\/lexikon\/wp-json\/wp\/v2\/media?parent=7302"}],"wp:term":[{"taxonomy":"product_brand","embeddable":true,"href":"https:\/\/uj.adatbank.ro\/lexikon\/wp-json\/wp\/v2\/product_brand?post=7302"},{"taxonomy":"product_cat","embeddable":true,"href":"https:\/\/uj.adatbank.ro\/lexikon\/wp-json\/wp\/v2\/product_cat?post=7302"},{"taxonomy":"product_tag","embeddable":true,"href":"https:\/\/uj.adatbank.ro\/lexikon\/wp-json\/wp\/v2\/product_tag?post=7302"}],"curies":[{"name":"wp","href":"https:\/\/api.w.org\/{rel}","templated":true}]}}