{"id":7304,"date":"2025-06-28T18:22:04","date_gmt":"2025-06-28T16:22:04","guid":{"rendered":"https:\/\/uj.adatbank.ro\/lexikon\/termek\/endes-janos\/"},"modified":"2025-06-28T18:22:04","modified_gmt":"2025-06-28T16:22:04","slug":"endes-janos","status":"publish","type":"product","link":"https:\/\/uj.adatbank.ro\/lexikon\/termek\/endes-janos\/","title":{"rendered":"ENDES J\u00e1nos"},"content":{"rendered":"<p>? \u2020\u00a0? : jezsuita hitsz\u00f3nok, tan\u00e1r. \u2013 Testv\u00e9re: Istv\u00e1n, neki k\u00f6sz\u00f6nhetik a mv.-i r. k. hitk\u00f6zs\u00e9g fellend\u00fcl\u00e9s\u00e9t, \u0151 \u00e9p\u00edttette a mai pl\u00e9b\u00e1nia templomot. \u2013 A mv.-i R. K. Tanoda \u00e9s Neveldeh\u00e1z igazgat\u00f3ja (1719\u201335, 1741\u201343). <br \/><strong>Irod.:<\/strong> Id\u0151t\u00e1r 1; Kr\u00f3n. F\u00fcz. (1940. 4\/10); Mv.-i R.K okt.<\/br><\/p>\n","protected":false},"excerpt":{"rendered":"<p>? \u2020\u00a0? : jezsuita hitsz\u00f3nok, tan\u00e1r. \u2013 Testv\u00e9re: Istv\u00e1n, neki k\u00f6sz\u00f6nhetik a mv.-i r. k. hitk\u00f6zs\u00e9g fellend\u00fcl\u00e9s\u00e9t, \u0151 \u00e9p\u00edttette a mai pl\u00e9b\u00e1nia templomot. \u2013 A mv.-i R. K. Tanoda \u00e9s Neveldeh\u00e1z igazgat\u00f3ja (1719\u201335, 1741\u201343). Irod.: Id\u0151t\u00e1r 1; Kr\u00f3n. F\u00fcz. (1940. 4\/10); Mv.-i R.K okt.<\/p>\n","protected":false},"featured_media":0,"comment_status":"open","ping_status":"closed","template":"","meta":[],"product_brand":[],"product_cat":[137],"product_tag":[],"class_list":{"0":"post-7304","1":"product","2":"type-product","3":"status-publish","5":"product_cat-maros-megyei-eletrajzi-lexikon","7":"first","8":"instock","9":"shipping-taxable","10":"product-type-simple"},"_links":{"self":[{"href":"https:\/\/uj.adatbank.ro\/lexikon\/wp-json\/wp\/v2\/product\/7304","targetHints":{"allow":["GET"]}}],"collection":[{"href":"https:\/\/uj.adatbank.ro\/lexikon\/wp-json\/wp\/v2\/product"}],"about":[{"href":"https:\/\/uj.adatbank.ro\/lexikon\/wp-json\/wp\/v2\/types\/product"}],"replies":[{"embeddable":true,"href":"https:\/\/uj.adatbank.ro\/lexikon\/wp-json\/wp\/v2\/comments?post=7304"}],"wp:attachment":[{"href":"https:\/\/uj.adatbank.ro\/lexikon\/wp-json\/wp\/v2\/media?parent=7304"}],"wp:term":[{"taxonomy":"product_brand","embeddable":true,"href":"https:\/\/uj.adatbank.ro\/lexikon\/wp-json\/wp\/v2\/product_brand?post=7304"},{"taxonomy":"product_cat","embeddable":true,"href":"https:\/\/uj.adatbank.ro\/lexikon\/wp-json\/wp\/v2\/product_cat?post=7304"},{"taxonomy":"product_tag","embeddable":true,"href":"https:\/\/uj.adatbank.ro\/lexikon\/wp-json\/wp\/v2\/product_tag?post=7304"}],"curies":[{"name":"wp","href":"https:\/\/api.w.org\/{rel}","templated":true}]}}