{"id":7305,"date":"2025-06-28T18:22:06","date_gmt":"2025-06-28T16:22:06","guid":{"rendered":"https:\/\/uj.adatbank.ro\/lexikon\/termek\/endes-jozsef\/"},"modified":"2025-06-28T18:22:06","modified_gmt":"2025-06-28T16:22:06","slug":"endes-jozsef","status":"publish","type":"product","link":"https:\/\/uj.adatbank.ro\/lexikon\/termek\/endes-jozsef\/","title":{"rendered":"ENDES J\u00f3zsef"},"content":{"rendered":"<p>Csikszentimre, 1908. j\u00fan. 20.\u2020\u00a01939. szept. 26.: r. k. pap. \u2013 A gimn.-ot Brass\u00f3ban \u00e9s Cs\u00edksomly\u00f3n, teol\u00f3giai tanulm\u00e1nyait Gyulafeh\u00e9rv\u00e1ron v\u00e9gezte. Papp\u00e1 szentelt\u00e9k (1930. j\u00fal. 27.). K\u00e1pl\u00e1n volt Gelenc\u00e9n, K\u00e9zdisz\u00e1razpatakon, Mv.-en (1932). G\u00f6rg\u00e9ny\u00fcvegcs\u0171r\u00f6n pl\u00e9b\u00e1nos (1933\u201336). Gyergy\u00f3hodoson lelkip\u00e1sztor (1936). <br \/><strong>Irod.:<\/strong> Ferenczi S\u00e1ndor 2009; Maros-k\u00fck\u00fcll\u0151i f\u0151esp.<\/br><\/p>\n","protected":false},"excerpt":{"rendered":"<p>Csikszentimre, 1908. j\u00fan. 20.\u2020\u00a01939. szept. 26.: r. k. pap. \u2013 A gimn.-ot Brass\u00f3ban \u00e9s Cs\u00edksomly\u00f3n, teol\u00f3giai tanulm\u00e1nyait Gyulafeh\u00e9rv\u00e1ron v\u00e9gezte. Papp\u00e1 szentelt\u00e9k (1930. j\u00fal. 27.). K\u00e1pl\u00e1n volt Gelenc\u00e9n, K\u00e9zdisz\u00e1razpatakon, Mv.-en (1932). G\u00f6rg\u00e9ny\u00fcvegcs\u0171r\u00f6n pl\u00e9b\u00e1nos (1933\u201336). Gyergy\u00f3hodoson lelkip\u00e1sztor (1936). Irod.: Ferenczi S\u00e1ndor 2009; Maros-k\u00fck\u00fcll\u0151i f\u0151esp.<\/p>\n","protected":false},"featured_media":0,"comment_status":"open","ping_status":"closed","template":"","meta":[],"product_brand":[],"product_cat":[137],"product_tag":[],"class_list":{"0":"post-7305","1":"product","2":"type-product","3":"status-publish","5":"product_cat-maros-megyei-eletrajzi-lexikon","7":"first","8":"instock","9":"shipping-taxable","10":"product-type-simple"},"_links":{"self":[{"href":"https:\/\/uj.adatbank.ro\/lexikon\/wp-json\/wp\/v2\/product\/7305","targetHints":{"allow":["GET"]}}],"collection":[{"href":"https:\/\/uj.adatbank.ro\/lexikon\/wp-json\/wp\/v2\/product"}],"about":[{"href":"https:\/\/uj.adatbank.ro\/lexikon\/wp-json\/wp\/v2\/types\/product"}],"replies":[{"embeddable":true,"href":"https:\/\/uj.adatbank.ro\/lexikon\/wp-json\/wp\/v2\/comments?post=7305"}],"wp:attachment":[{"href":"https:\/\/uj.adatbank.ro\/lexikon\/wp-json\/wp\/v2\/media?parent=7305"}],"wp:term":[{"taxonomy":"product_brand","embeddable":true,"href":"https:\/\/uj.adatbank.ro\/lexikon\/wp-json\/wp\/v2\/product_brand?post=7305"},{"taxonomy":"product_cat","embeddable":true,"href":"https:\/\/uj.adatbank.ro\/lexikon\/wp-json\/wp\/v2\/product_cat?post=7305"},{"taxonomy":"product_tag","embeddable":true,"href":"https:\/\/uj.adatbank.ro\/lexikon\/wp-json\/wp\/v2\/product_tag?post=7305"}],"curies":[{"name":"wp","href":"https:\/\/api.w.org\/{rel}","templated":true}]}}