{"id":7310,"date":"2025-06-28T18:22:18","date_gmt":"2025-06-28T16:22:18","guid":{"rendered":"https:\/\/uj.adatbank.ro\/lexikon\/termek\/engel-gizella-giza-haader-sandorne\/"},"modified":"2025-06-28T18:22:18","modified_gmt":"2025-06-28T16:22:18","slug":"engel-gizella-giza-haader-sandorne","status":"publish","type":"product","link":"https:\/\/uj.adatbank.ro\/lexikon\/termek\/engel-gizella-giza-haader-sandorne\/","title":{"rendered":"ENGEL Gizella, Giza, H\u00e1\u00e1der S\u00e1ndorn\u00e9"},"content":{"rendered":"<p>Mv., 1843 \u00e9s 1850.k.? \u2020 ? : \u00e9nekesn\u0151 \u2013 E. J\u00f3zsef seb\u00e9szorvos (1807\u20131870) \u00e9s s\u00e1rosi Nagy Zsuzsanna (1813.?-Mv., 1875) le\u00e1nya. \u2013 Tanult a B\u00e9csi Zenem\u0171v. Akad.-\u00e1n (1866\u2013) \u00e9s M\u00fcnchenben t\u00f6bb \u00e9ven kereszt\u00fcl. Fell\u00e9pett Kv.-on (1870), Mv.-en (1878). <br \/><strong>Irod.:<\/strong> Szab\u00f3\u2013Simon\u2013Sz\u00f6gi.<\/br><\/p>\n","protected":false},"excerpt":{"rendered":"<p>Mv., 1843 \u00e9s 1850.k.? \u2020 ? : \u00e9nekesn\u0151 \u2013 E. J\u00f3zsef seb\u00e9szorvos (1807\u20131870) \u00e9s s\u00e1rosi Nagy Zsuzsanna (1813.?-Mv., 1875) le\u00e1nya. \u2013 Tanult a B\u00e9csi Zenem\u0171v. Akad.-\u00e1n (1866\u2013) \u00e9s M\u00fcnchenben t\u00f6bb \u00e9ven kereszt\u00fcl. Fell\u00e9pett Kv.-on (1870), Mv.-en (1878). Irod.: Szab\u00f3\u2013Simon\u2013Sz\u00f6gi.<\/p>\n","protected":false},"featured_media":0,"comment_status":"open","ping_status":"closed","template":"","meta":[],"product_brand":[],"product_cat":[137],"product_tag":[],"class_list":{"0":"post-7310","1":"product","2":"type-product","3":"status-publish","5":"product_cat-maros-megyei-eletrajzi-lexikon","7":"first","8":"instock","9":"shipping-taxable","10":"product-type-simple"},"_links":{"self":[{"href":"https:\/\/uj.adatbank.ro\/lexikon\/wp-json\/wp\/v2\/product\/7310","targetHints":{"allow":["GET"]}}],"collection":[{"href":"https:\/\/uj.adatbank.ro\/lexikon\/wp-json\/wp\/v2\/product"}],"about":[{"href":"https:\/\/uj.adatbank.ro\/lexikon\/wp-json\/wp\/v2\/types\/product"}],"replies":[{"embeddable":true,"href":"https:\/\/uj.adatbank.ro\/lexikon\/wp-json\/wp\/v2\/comments?post=7310"}],"wp:attachment":[{"href":"https:\/\/uj.adatbank.ro\/lexikon\/wp-json\/wp\/v2\/media?parent=7310"}],"wp:term":[{"taxonomy":"product_brand","embeddable":true,"href":"https:\/\/uj.adatbank.ro\/lexikon\/wp-json\/wp\/v2\/product_brand?post=7310"},{"taxonomy":"product_cat","embeddable":true,"href":"https:\/\/uj.adatbank.ro\/lexikon\/wp-json\/wp\/v2\/product_cat?post=7310"},{"taxonomy":"product_tag","embeddable":true,"href":"https:\/\/uj.adatbank.ro\/lexikon\/wp-json\/wp\/v2\/product_tag?post=7310"}],"curies":[{"name":"wp","href":"https:\/\/api.w.org\/{rel}","templated":true}]}}