{"id":7311,"date":"2025-06-28T18:22:20","date_gmt":"2025-06-28T16:22:20","guid":{"rendered":"https:\/\/uj.adatbank.ro\/lexikon\/termek\/engel-imre-dr-szepeslocsei\/"},"modified":"2025-06-28T18:22:20","modified_gmt":"2025-06-28T16:22:20","slug":"engel-imre-dr-szepeslocsei","status":"publish","type":"product","link":"https:\/\/uj.adatbank.ro\/lexikon\/termek\/engel-imre-dr-szepeslocsei\/","title":{"rendered":"ENGEL Imre, dr. szepesl\u0151csei"},"content":{"rendered":"<p>Mv., 1842. okt. 22., \u2020 Mv., 1907. nov. 23.: orvos. \u2013 Engel J\u00f3zsef orvos \u00e9s s\u00e1rosberkeszi Nagy Zsuzsnna fia, G\u00e1bor testv\u00e9re. Feles\u00e9ge: kissolymosi Kozma Anna, fiaik: S\u00e1ndor\/Alexander (Mv., 1881. jan. 13., \u2013), J\u00f3zsef \/Joseph Alexander (1885. okt.6.- Bp., 1930. m\u00e1j. 26.); Johan Gejza (Mv., 1887. dec.31.-Mv., 1902. szept. 1.); Andr\u00e1s\/Andreas, \u00fcgyv\u00e9djele\u0151lt (Mv., 1889. dec. -Bp., 1917. m\u00e1j. 31). \u2013 Mv.-en a Ref. Koll.-ban \u00e9retts\u00e9gizett (1859). A pesti orvosi egyetemen szerezte diplom\u00e1j\u00e1t (1865), Balassa J\u00e1nos n\u00f6vend\u00e9ke. Gyakornok Pesten egy \u00e9vet, Mv.-en ny\u00edtott praxist. Dics\u0151szentm\u00e1rtonban megyei f\u0151orvosnak v\u00e1lasztott\u00e1k, de egy \u00e9v ut\u00e1n Balassa J\u00e1nos klinik\u00e1j\u00e1n volt seb\u00e9sz gyakorlaton. Kinevezt\u00e9k Mv.-re honv\u00e9ds\u00e9gi ezredorvosnak (1868). Huzamosabb ideig Mv. v\u00e1rosi f\u0151orvosa (1885\u2013), a k\u00f6zeg\u00e9szs\u00e9g\u00fcgy ter\u00e9n el\u00e9v\u00fclhetetlen \u00e9rdemeket szerzett. A Marostorda vm.-i \u00e9s a Mv.-i Orvos-Gy\u00f3gyszer\u00e9sz Egylet els\u0151 eln\u00f6ke (1890. dec. 20.-\u00e1n alakult meg), aleln\u00f6ke dr. Agyag\u00e1si k\u00e1roly megyei f\u0151orvos, titk\u00e1ra dr. Turnovszky M\u00f3r j\u00e1r\u00e1si f\u0151orvos, k\u00e9s\u0151bb Nyerges S\u00e1ndor. Megvette \u00e9s \u00e1talak\u00edtotta a szentgy\u00f6rgyutcai Makari\u00e1s h\u00e1zat. Az EMKE mv.-i v\u00e1rosi v\u00e1lasztm\u00e1ny\u00e1nak alap\u00edt\u00f3tagja (1885). A ref. egyh\u00e1z presbitere. K\u00f6zgy\u0171l\u00e9sen kezdem\u00e9nyez\u00e9s\u00e9re megszavazt\u00e1k, hogy az istentiszteletek felv\u00e1ltva m. \u00e9s n\u00e9met nyelven t\u00f6rt\u00e9njenek (1889). Az Erd\u00e9lyi Kereskedelmi \u00e9s Hitelbank helyi igazgat\u00f3ja. A s\u00edrj\u00e1ba temett\u00e9k Gyergyay Albert prof.\u00e9s feles\u00e9ge hamvait..<br \/><strong>Irod.:<\/strong> Ga\u00e1l Gy\u00f6rgy: Orvosok \u00e9s gy\u00f3gyszer\u00e9szek a szepesl\u0151csei Engel csal\u00e1dban (Orvostudom\u00e1nyi \u00c9rtes\u00edt\u0151, 73. k\u00f6t., 2000.); Gy\u00e1szjelent\u0151; H\u00f6gyes; Id\u0151t\u00e1r 2; Kiss\u2013P\u00e9terffy\u2013P\u00e9terffy; Kr\u00f3n. F\u00fcz. (1939. 4\/4.); P\u00e1lmay J\u00f3zsef; P\u00e9ter H. M. 2013; S\u00e1ndor<\/br><\/p>\n","protected":false},"excerpt":{"rendered":"<p>Mv., 1842. okt. 22., \u2020 Mv., 1907. nov. 23.: orvos. \u2013 Engel J\u00f3zsef orvos \u00e9s s\u00e1rosberkeszi Nagy Zsuzsnna fia, G\u00e1bor testv\u00e9re. Feles\u00e9ge: kissolymosi Kozma Anna, fiaik: S\u00e1ndor\/Alexander (Mv., 1881. jan. 13., \u2013), J\u00f3zsef \/Joseph Alexander (1885. okt.6.- Bp., 1930. m\u00e1j. 26.); Johan Gejza (Mv., 1887. dec.31.-Mv., 1902. szept. 1.); Andr\u00e1s\/Andreas, \u00fcgyv\u00e9djele\u0151lt (Mv., 1889. dec. -Bp., [&hellip;]<\/p>\n","protected":false},"featured_media":0,"comment_status":"open","ping_status":"closed","template":"","meta":[],"product_brand":[],"product_cat":[137],"product_tag":[],"class_list":{"0":"post-7311","1":"product","2":"type-product","3":"status-publish","5":"product_cat-maros-megyei-eletrajzi-lexikon","7":"first","8":"instock","9":"shipping-taxable","10":"product-type-simple"},"_links":{"self":[{"href":"https:\/\/uj.adatbank.ro\/lexikon\/wp-json\/wp\/v2\/product\/7311","targetHints":{"allow":["GET"]}}],"collection":[{"href":"https:\/\/uj.adatbank.ro\/lexikon\/wp-json\/wp\/v2\/product"}],"about":[{"href":"https:\/\/uj.adatbank.ro\/lexikon\/wp-json\/wp\/v2\/types\/product"}],"replies":[{"embeddable":true,"href":"https:\/\/uj.adatbank.ro\/lexikon\/wp-json\/wp\/v2\/comments?post=7311"}],"wp:attachment":[{"href":"https:\/\/uj.adatbank.ro\/lexikon\/wp-json\/wp\/v2\/media?parent=7311"}],"wp:term":[{"taxonomy":"product_brand","embeddable":true,"href":"https:\/\/uj.adatbank.ro\/lexikon\/wp-json\/wp\/v2\/product_brand?post=7311"},{"taxonomy":"product_cat","embeddable":true,"href":"https:\/\/uj.adatbank.ro\/lexikon\/wp-json\/wp\/v2\/product_cat?post=7311"},{"taxonomy":"product_tag","embeddable":true,"href":"https:\/\/uj.adatbank.ro\/lexikon\/wp-json\/wp\/v2\/product_tag?post=7311"}],"curies":[{"name":"wp","href":"https:\/\/api.w.org\/{rel}","templated":true}]}}