{"id":7314,"date":"2025-06-28T18:22:25","date_gmt":"2025-06-28T16:22:25","guid":{"rendered":"https:\/\/uj.adatbank.ro\/lexikon\/termek\/engel-jozsef-%c2%a7-szepeslocsei-engel-joseph\/"},"modified":"2025-06-28T18:22:25","modified_gmt":"2025-06-28T16:22:25","slug":"engel-jozsef-%c2%a7-szepeslocsei-engel-joseph","status":"publish","type":"product","link":"https:\/\/uj.adatbank.ro\/lexikon\/termek\/engel-jozsef-%c2%a7-szepeslocsei-engel-joseph\/","title":{"rendered":"ENGEL J\u00f3zsef, \u00a7 szepesl\u0151csei, Engel Joseph"},"content":{"rendered":"<p>B\u00e9cs, 1807. m\u00e1j. 2., \u2020\u00a0Kv., 1870. j\u00fan. 2., a Hazsong\u00e1rdi Luther\u00e1nus temet\u0151ben nyugszik: orvos, gy\u00f3gyszer\u00e9sz. \u2013 Mauksch T\u00f3bi\u00e1s (1727\u20131802) unok\u00e1ja.Ayai nagyapja Engel G\u00e1bor (1852\u20131935). E.J\u00e1nos-Kereszt\u00e9ly b\u00e9csi t\u00f6rt\u00e9net\u00edr\u00f3 \u00e9s Mauksch M\u00e1ria Katherina fia. Feles\u00e9ge: magyars\u00e1ros-berkeszi Nagy Zsuzsanna (1814 \u2013 Mv., 1875. dec. 30.). Gyermekeik: Zsuzsanna\/Susanna Rudolf Jen\u0151n\u00e9 (Mv., 1836. aug. 29. \u2013 Mv., 1860. m\u00e1rc. 2.); Imre\/Emrich (Mv., 1842.okt. 22., \u2020 Mv., 1907. nov. 23.) v\u00e1rosi f\u0151orvos; Gizella (1846. \u00e1pr. 28.-Bp., 1919. aug. 1.); G\u00e1bor\/Gabriel (Mv., 1852. aug. 9.- Kv., 1935. j\u00fal. 10.). \u2013 Tanult L\u0151cs\u00e9n \u00e9s Rozsny\u00f3n (1819), majd L\u0151cs\u00e9n fejezte be a gimn.-ot (1823); k\u00e9t \u00e9vig Pesten az egyetemen b\u00f6lcseleti tudom\u00e1nyokat hallgatott (1823\u201325); anyagi okokb\u00f3l megszak\u00edtotta tanulm\u00e1nyait. Mv.-en gy\u00f3gyzser\u00e9szgyakornok, rokona, Brandecker Simon gy\u00f3gyszert\u00e1r\u00e1ban (1825\u201328), akinek feles\u00e9ge Mauksch Karolina. Itt meg is h\u00e1zasodott. Pesten elm\u00e9leti gy\u00f3gyszer\u00e9szetb\u0151l mesteri oklevelet (1829); orvosdoktori \u00e9s sz\u00fcl\u00e9szeti oklevelet szerzett (1830\u201336). Mv.-en gy\u00f3gyszert\u00e1rr\u00e9szt \u00f6r\u00f6k\u00f6lt, de itt f\u00f6leg orvosk\u00e9nt dolgozott (1836\u201357). M\u00e9g di\u00e1kk\u00e9nt, a M. Tud\u00f3s T\u00e1rsas\u00e1g \u00e1ltal ki\u00edrt p\u00e1ly\u00e1zatra (1834) k\u00e9sz\u00edtette el a m. gy\u00f6kszavakr\u00f3l \u00edrt nyelv\u00e9szeti p\u00e1lyamunk\u00e1j\u00e1t, amivel els\u0151 d\u00edjat nyert (1836), k\u00e9s\u0151bb nyomtatt\u00e1k ki (1839), K\u00f6lcsey Ferenct\u0151l \u00e9s V\u00f6r\u00f6smarty Mih\u00e1lyt\u00f3l kapott \u00e9rdekes. K\u00f6zeli bar\u00e1ti kapcsolatba ker\u00fclt Bolyai J\u00e1nossal, kinek h\u00e1ziorvosa, kezel\u0151orvosa volt (1837\u201351), r\u00e9szt vett a Bolyai J\u00e1nos \u00e9s Orb\u00e1n Roz\u00e1lia egyh\u00e1zi h\u00e1zass\u00e1gk\u00f6t\u00e9s\u00e9n (1849. m\u00e1j. 18). Val\u00f3sz\u00edn\u0171 Bolyai J\u00e1nos t\u0151le \u00e9rtes\u00fclt a gy\u00f6k\u00e9rszavak nyelv\u00e9szeti fontoss\u00e1g\u00e1r\u00f3l. Mv.-en a h\u00edres Makari\u00e1s-h\u00e1z 24 \u00e9vig volt a birtok\u00e1ban (1840\u201364), ez a h\u00e1z az\u00e9rt volt neves, mert II. J\u00f3zsef cs\u00e1sz\u00e1r Mv.-en tett l\u00e1togat\u00e1sa alkalm\u00e1b\u00f3l ebben a h\u00e1zban sz\u00e1llt meg. Marosszentkir\u00e1lyon birtokos; Kv.-ra k\u00f6lt\u00f6z\u00f6tt (1857), a Kolozsv\u00e1ri K\u00f6zl\u00f6ny munkat\u00e1rsa lett. Gyakorl\u00f3 orvosk\u00e9nt (1857\u201370) k\u00f6zkedvelts\u00e9gnek \u00f6rvendett \u00e9s ott is halt meg. Fin\u00e1ly Henrik tartott f\u00f6l\u00f6tte eml\u00e9kbesz\u00e9det (1872. okt. 27.). Foglalkozott \u00e1sv\u00e1ny- \u00e9s vegytannal, szenved\u00e9lyes \u00e1sv\u00e1nygy\u0171jt\u0151 is volt. A magyar nyelv. gy\u00f6kszavair\u00f3l \u00edrt nyelv\u00e9szeti p\u00e1lyamunk\u00e1j\u00e1\u00e9rt, h\u00fasz \u00e9v ut\u00e1n a MTA levelez\u0151 tagg\u00e1 v\u00e1lasztotta (1859). \u2013 <strong>F. m.:<\/strong> Gy\u00f3gyszeres \u00e9rtekez\u00e9sek a Langr\u00f3l (Alcohol) \u00e9s az \u00c9get\u0151 Hamagr\u00f3l (Lixiva Pura) (Pest, 1829); De morbilis. Dissertatio inaug. Med. (Pest, 1836); A magyar nyelv gy\u00f6k\u00e9rszavai (Buda, 1839). <br \/><strong>Irod.:<\/strong> Apa \u00e9s fi\u00fa k\u00fczdelme a k\u00f3rokkal: Ol\u00e1h Anna: Bolyai Farkas gy\u00f3gy\u00e1szati munk\u00e1ss\u00e1ga; Vofkori J\u00f3zsef: Bolyai J\u00e1nos betegs\u00e9gei kordokumentumok \u00e9s a modern orvostudom\u00e1ny t\u00fckr\u00e9ben (Mv., 2005); D\u00f6rnyei; D\u00f6rnyei 2005; D\u00f6rnyei 2010; Ga\u00e1l Gy\u00f6rgy: Orvosok \u00e9s gy\u00f3gyszer\u00e9szek a szepesl\u0151csei Engel csal\u00e1dban (Orvostudom\u00e1nyi \u00c9rtes\u00edt\u0151, 73. k\u00f6t., 2000.); Genersichek; Gy\u00e1szjelent\u0151; Gy\u0151ry; H\u00e1zsong\u00e1rd; Ol\u00e1h-G\u00e1l 2013; Ol\u00e1h-G\u00e1l R\u00f3bert: B. J. orvosai (N\u00fa., Sz\u00ednes Vil\u00e1g, 2012. nov. 10.); Ol\u00e1h-G\u00e1l R\u00f3bert: Dr. E. J.: A magyar nyelv gy\u00f6k\u00e9rszvai (N\u00fa., Sz\u00ednes Vil\u00e1g, 2012. nov. 24.); P\u00e1lmay; P\u00e9ter H. M. 2013; Szinnyei; Szinnyei J\u00f3zsef; Todea\u2013F\u00fcl\u00f6p\u2013Avram ; \u00daM\u00c9L<\/br><\/p>\n","protected":false},"excerpt":{"rendered":"<p>B\u00e9cs, 1807. m\u00e1j. 2., \u2020\u00a0Kv., 1870. j\u00fan. 2., a Hazsong\u00e1rdi Luther\u00e1nus temet\u0151ben nyugszik: orvos, gy\u00f3gyszer\u00e9sz. \u2013 Mauksch T\u00f3bi\u00e1s (1727\u20131802) unok\u00e1ja.Ayai nagyapja Engel G\u00e1bor (1852\u20131935). E.J\u00e1nos-Kereszt\u00e9ly b\u00e9csi t\u00f6rt\u00e9net\u00edr\u00f3 \u00e9s Mauksch M\u00e1ria Katherina fia. Feles\u00e9ge: magyars\u00e1ros-berkeszi Nagy Zsuzsanna (1814 \u2013 Mv., 1875. dec. 30.). Gyermekeik: Zsuzsanna\/Susanna Rudolf Jen\u0151n\u00e9 (Mv., 1836. aug. 29. \u2013 Mv., 1860. m\u00e1rc. 2.); [&hellip;]<\/p>\n","protected":false},"featured_media":0,"comment_status":"open","ping_status":"closed","template":"","meta":[],"product_brand":[],"product_cat":[137],"product_tag":[],"class_list":{"0":"post-7314","1":"product","2":"type-product","3":"status-publish","5":"product_cat-maros-megyei-eletrajzi-lexikon","7":"first","8":"instock","9":"shipping-taxable","10":"product-type-simple"},"_links":{"self":[{"href":"https:\/\/uj.adatbank.ro\/lexikon\/wp-json\/wp\/v2\/product\/7314","targetHints":{"allow":["GET"]}}],"collection":[{"href":"https:\/\/uj.adatbank.ro\/lexikon\/wp-json\/wp\/v2\/product"}],"about":[{"href":"https:\/\/uj.adatbank.ro\/lexikon\/wp-json\/wp\/v2\/types\/product"}],"replies":[{"embeddable":true,"href":"https:\/\/uj.adatbank.ro\/lexikon\/wp-json\/wp\/v2\/comments?post=7314"}],"wp:attachment":[{"href":"https:\/\/uj.adatbank.ro\/lexikon\/wp-json\/wp\/v2\/media?parent=7314"}],"wp:term":[{"taxonomy":"product_brand","embeddable":true,"href":"https:\/\/uj.adatbank.ro\/lexikon\/wp-json\/wp\/v2\/product_brand?post=7314"},{"taxonomy":"product_cat","embeddable":true,"href":"https:\/\/uj.adatbank.ro\/lexikon\/wp-json\/wp\/v2\/product_cat?post=7314"},{"taxonomy":"product_tag","embeddable":true,"href":"https:\/\/uj.adatbank.ro\/lexikon\/wp-json\/wp\/v2\/product_tag?post=7314"}],"curies":[{"name":"wp","href":"https:\/\/api.w.org\/{rel}","templated":true}]}}