{"id":7315,"date":"2025-06-28T18:22:27","date_gmt":"2025-06-28T16:22:27","guid":{"rendered":"https:\/\/uj.adatbank.ro\/lexikon\/termek\/engel-sandor-szepeslocse\/"},"modified":"2025-06-28T18:22:27","modified_gmt":"2025-06-28T16:22:27","slug":"engel-sandor-szepeslocse","status":"publish","type":"product","link":"https:\/\/uj.adatbank.ro\/lexikon\/termek\/engel-sandor-szepeslocse\/","title":{"rendered":"ENGEL S\u00e1ndor, szepesl\u0151cse"},"content":{"rendered":"<p>Mv., 1881., \u2020 Bp., 1918. febr. 25.: dr. jur., \u00fcgyv\u00e9d, \u00fcgy\u00e9sz, szak\u00edr\u00f3. \u2013 E. Imre orvos \u00e9s kissolymosi Kozma Anna fia. \u2013 Jogi tanulm\u00e1nyait Kv.-on v\u00e9gezte (1905). Bp.-en nyitott \u00fcgyv\u00e9di irod\u00e1t; \u00fcgy\u00e9sze volt a K\u00f6zs. \u00e9s K\u00f6zjegyz\u0151k Orsz. Egyes\u00fclet\u00e9nek, jogtan\u00e1csosa a luther\u00e1nus egyh\u00e1zker\u00fcletnek. Cikkeit k\u00f6z\u00f6lte a: kv.-i \u00dajs\u00e1g, M. Keresked\u0151k. Lapja, Vil\u00e1g. \u2013 <strong>F. m.:<\/strong> A magyar szent korona tana \u00e9s a kir\u00e1ly jog\u00e1ll\u00e1s\u00e1nak jellemz\u00e9se (Mv., 1904); \u00datmutat\u00f3 az \u00fcgyv\u00e9di vizsg\u00e1latra (Bp., 1906); A k\u00f6zs\u00e9gi polg\u00e1ri b\u00edr\u00e1skod\u00e1sra vonatkoz\u00f3 elj\u00e1r\u00e1si szab\u00e1b\u00e1lyok magyar\u00e1zata (Bp., 1915). <br \/><strong>Irod.:<\/strong> Guly\u00e1s; P\u00e1lmay<\/br><\/p>\n","protected":false},"excerpt":{"rendered":"<p>Mv., 1881., \u2020 Bp., 1918. febr. 25.: dr. jur., \u00fcgyv\u00e9d, \u00fcgy\u00e9sz, szak\u00edr\u00f3. \u2013 E. Imre orvos \u00e9s kissolymosi Kozma Anna fia. \u2013 Jogi tanulm\u00e1nyait Kv.-on v\u00e9gezte (1905). Bp.-en nyitott \u00fcgyv\u00e9di irod\u00e1t; \u00fcgy\u00e9sze volt a K\u00f6zs. \u00e9s K\u00f6zjegyz\u0151k Orsz. Egyes\u00fclet\u00e9nek, jogtan\u00e1csosa a luther\u00e1nus egyh\u00e1zker\u00fcletnek. Cikkeit k\u00f6z\u00f6lte a: kv.-i \u00dajs\u00e1g, M. Keresked\u0151k. Lapja, Vil\u00e1g. \u2013 F. m.: [&hellip;]<\/p>\n","protected":false},"featured_media":0,"comment_status":"open","ping_status":"closed","template":"","meta":[],"product_brand":[],"product_cat":[137],"product_tag":[],"class_list":{"0":"post-7315","1":"product","2":"type-product","3":"status-publish","5":"product_cat-maros-megyei-eletrajzi-lexikon","7":"first","8":"instock","9":"shipping-taxable","10":"product-type-simple"},"_links":{"self":[{"href":"https:\/\/uj.adatbank.ro\/lexikon\/wp-json\/wp\/v2\/product\/7315","targetHints":{"allow":["GET"]}}],"collection":[{"href":"https:\/\/uj.adatbank.ro\/lexikon\/wp-json\/wp\/v2\/product"}],"about":[{"href":"https:\/\/uj.adatbank.ro\/lexikon\/wp-json\/wp\/v2\/types\/product"}],"replies":[{"embeddable":true,"href":"https:\/\/uj.adatbank.ro\/lexikon\/wp-json\/wp\/v2\/comments?post=7315"}],"wp:attachment":[{"href":"https:\/\/uj.adatbank.ro\/lexikon\/wp-json\/wp\/v2\/media?parent=7315"}],"wp:term":[{"taxonomy":"product_brand","embeddable":true,"href":"https:\/\/uj.adatbank.ro\/lexikon\/wp-json\/wp\/v2\/product_brand?post=7315"},{"taxonomy":"product_cat","embeddable":true,"href":"https:\/\/uj.adatbank.ro\/lexikon\/wp-json\/wp\/v2\/product_cat?post=7315"},{"taxonomy":"product_tag","embeddable":true,"href":"https:\/\/uj.adatbank.ro\/lexikon\/wp-json\/wp\/v2\/product_tag?post=7315"}],"curies":[{"name":"wp","href":"https:\/\/api.w.org\/{rel}","templated":true}]}}