{"id":7317,"date":"2025-06-28T18:22:31","date_gmt":"2025-06-28T16:22:31","guid":{"rendered":"https:\/\/uj.adatbank.ro\/lexikon\/termek\/engi-domokos\/"},"modified":"2025-06-28T18:22:31","modified_gmt":"2025-06-28T16:22:31","slug":"engi-domokos","status":"publish","type":"product","link":"https:\/\/uj.adatbank.ro\/lexikon\/termek\/engi-domokos\/","title":{"rendered":"ENGI Domokos"},"content":{"rendered":"<p>Radn\u00f3t, 1916. okt. 10., \u2020\u00a0?\u00a0: vas\u00fati v\u00e1lt\u00f3kezel\u0151. \u2013 Letart\u00f3ztatt\u00e1k (1960. j\u00fan. 16.), \u00e9s gazdas\u00e1gi szabot\u00e1zs v\u00e1dj\u00e1val \u00e1ll\u00edtott\u00e1k b\u00edr\u00f3s\u00e1g el\u00e9. A v\u00e1d szerint tudatos hanyags\u00e1gb\u00f3l Parajd \u00e9s Szov\u00e1ta k\u00f6z\u00f6tt kisiklatt\u00e1k a szem\u00e9lyvonatot. <br \/><strong>Irod.:<\/strong> 1956 Erd\u00e9lyben<\/br><\/p>\n","protected":false},"excerpt":{"rendered":"<p>Radn\u00f3t, 1916. okt. 10., \u2020\u00a0?\u00a0: vas\u00fati v\u00e1lt\u00f3kezel\u0151. \u2013 Letart\u00f3ztatt\u00e1k (1960. j\u00fan. 16.), \u00e9s gazdas\u00e1gi szabot\u00e1zs v\u00e1dj\u00e1val \u00e1ll\u00edtott\u00e1k b\u00edr\u00f3s\u00e1g el\u00e9. A v\u00e1d szerint tudatos hanyags\u00e1gb\u00f3l Parajd \u00e9s Szov\u00e1ta k\u00f6z\u00f6tt kisiklatt\u00e1k a szem\u00e9lyvonatot. Irod.: 1956 Erd\u00e9lyben<\/p>\n","protected":false},"featured_media":0,"comment_status":"open","ping_status":"closed","template":"","meta":[],"product_brand":[],"product_cat":[137],"product_tag":[],"class_list":{"0":"post-7317","1":"product","2":"type-product","3":"status-publish","5":"product_cat-maros-megyei-eletrajzi-lexikon","7":"first","8":"instock","9":"shipping-taxable","10":"product-type-simple"},"_links":{"self":[{"href":"https:\/\/uj.adatbank.ro\/lexikon\/wp-json\/wp\/v2\/product\/7317","targetHints":{"allow":["GET"]}}],"collection":[{"href":"https:\/\/uj.adatbank.ro\/lexikon\/wp-json\/wp\/v2\/product"}],"about":[{"href":"https:\/\/uj.adatbank.ro\/lexikon\/wp-json\/wp\/v2\/types\/product"}],"replies":[{"embeddable":true,"href":"https:\/\/uj.adatbank.ro\/lexikon\/wp-json\/wp\/v2\/comments?post=7317"}],"wp:attachment":[{"href":"https:\/\/uj.adatbank.ro\/lexikon\/wp-json\/wp\/v2\/media?parent=7317"}],"wp:term":[{"taxonomy":"product_brand","embeddable":true,"href":"https:\/\/uj.adatbank.ro\/lexikon\/wp-json\/wp\/v2\/product_brand?post=7317"},{"taxonomy":"product_cat","embeddable":true,"href":"https:\/\/uj.adatbank.ro\/lexikon\/wp-json\/wp\/v2\/product_cat?post=7317"},{"taxonomy":"product_tag","embeddable":true,"href":"https:\/\/uj.adatbank.ro\/lexikon\/wp-json\/wp\/v2\/product_tag?post=7317"}],"curies":[{"name":"wp","href":"https:\/\/api.w.org\/{rel}","templated":true}]}}