{"id":7318,"date":"2025-06-28T18:22:34","date_gmt":"2025-06-28T16:22:34","guid":{"rendered":"https:\/\/uj.adatbank.ro\/lexikon\/termek\/enyedi-ignac\/"},"modified":"2025-06-28T18:22:34","modified_gmt":"2025-06-28T16:22:34","slug":"enyedi-ignac","status":"publish","type":"product","link":"https:\/\/uj.adatbank.ro\/lexikon\/termek\/enyedi-ignac\/","title":{"rendered":"ENYEDI Ign\u00e1c"},"content":{"rendered":"<p>? \u2020\u00a0? : polg\u00e1r, v\u00e1rosi tan\u00e1csos. \u2013 A mv.-i esk\u00fcdt k\u00f6z\u00f6ns\u00e9g tagja. A f\u0151b\u00edr\u00f3 v\u00e1laszt\u00e1son (1790) a katolikus E. I. kapta a legt\u00f6bb szavazatot de mivel e tiszts\u00e9g visel\u00e9s\u00e9re a reform\u00e1tusokon volt a sor \u00f6nk\u00e9nt lemondott Borosnyai Luk\u00e1cs J\u00e1nos jav\u00e1ra. <br \/><strong>Irod.:<\/strong> Id\u0151t\u00e1r; P\u00e1l-Antal 2006; P\u00e1l-Antal 2009<\/br><\/p>\n","protected":false},"excerpt":{"rendered":"<p>? \u2020\u00a0? : polg\u00e1r, v\u00e1rosi tan\u00e1csos. \u2013 A mv.-i esk\u00fcdt k\u00f6z\u00f6ns\u00e9g tagja. A f\u0151b\u00edr\u00f3 v\u00e1laszt\u00e1son (1790) a katolikus E. I. kapta a legt\u00f6bb szavazatot de mivel e tiszts\u00e9g visel\u00e9s\u00e9re a reform\u00e1tusokon volt a sor \u00f6nk\u00e9nt lemondott Borosnyai Luk\u00e1cs J\u00e1nos jav\u00e1ra. Irod.: Id\u0151t\u00e1r; P\u00e1l-Antal 2006; P\u00e1l-Antal 2009<\/p>\n","protected":false},"featured_media":0,"comment_status":"open","ping_status":"closed","template":"","meta":[],"product_brand":[],"product_cat":[137],"product_tag":[],"class_list":{"0":"post-7318","1":"product","2":"type-product","3":"status-publish","5":"product_cat-maros-megyei-eletrajzi-lexikon","7":"first","8":"instock","9":"shipping-taxable","10":"product-type-simple"},"_links":{"self":[{"href":"https:\/\/uj.adatbank.ro\/lexikon\/wp-json\/wp\/v2\/product\/7318","targetHints":{"allow":["GET"]}}],"collection":[{"href":"https:\/\/uj.adatbank.ro\/lexikon\/wp-json\/wp\/v2\/product"}],"about":[{"href":"https:\/\/uj.adatbank.ro\/lexikon\/wp-json\/wp\/v2\/types\/product"}],"replies":[{"embeddable":true,"href":"https:\/\/uj.adatbank.ro\/lexikon\/wp-json\/wp\/v2\/comments?post=7318"}],"wp:attachment":[{"href":"https:\/\/uj.adatbank.ro\/lexikon\/wp-json\/wp\/v2\/media?parent=7318"}],"wp:term":[{"taxonomy":"product_brand","embeddable":true,"href":"https:\/\/uj.adatbank.ro\/lexikon\/wp-json\/wp\/v2\/product_brand?post=7318"},{"taxonomy":"product_cat","embeddable":true,"href":"https:\/\/uj.adatbank.ro\/lexikon\/wp-json\/wp\/v2\/product_cat?post=7318"},{"taxonomy":"product_tag","embeddable":true,"href":"https:\/\/uj.adatbank.ro\/lexikon\/wp-json\/wp\/v2\/product_tag?post=7318"}],"curies":[{"name":"wp","href":"https:\/\/api.w.org\/{rel}","templated":true}]}}