{"id":7321,"date":"2025-06-28T18:22:41","date_gmt":"2025-06-28T16:22:41","guid":{"rendered":"https:\/\/uj.adatbank.ro\/lexikon\/termek\/enyedi-istvan-3\/"},"modified":"2025-06-28T18:22:41","modified_gmt":"2025-06-28T16:22:41","slug":"enyedi-istvan-3","status":"publish","type":"product","link":"https:\/\/uj.adatbank.ro\/lexikon\/termek\/enyedi-istvan-3\/","title":{"rendered":"ENYEDI Istv\u00e1n"},"content":{"rendered":"<p>? \u2020\u00a0Magyarp\u00e9terlaka, 1729.: ref. lelk\u00e9sz. \u2013 Kv.-on subscrib\u00e1lt (1670 k.) Szolg\u00e1lt Oroszf\u00e1j\u00e1n (1678), Tancson (1679), K\u00f6rtv\u00e9lyf\u00e1j\u00e1n (1693\u201396), hal\u00e1l\u00e1ig Magyarp\u00e9terlak\u00e1n lp., g\u00f6rg\u00e9nyi egyh\u00e1zmegye esperese (1708\u201314- 29). Az egyh\u00e1zmegye vizit\u00e1ci\u00f3s \u00e9s parci\u00e1lis zsinati jegyz\u0151k\u00f6nyve (1722) esperess\u00e9ge alatt k\u00e9sz\u00fclt. <br \/><strong>Irod.:<\/strong> B\u00f6jthe Andor; Magyarf\u00fclp\u00f6s; \u0150sz; Zov\u00e1nyi<\/br><\/p>\n","protected":false},"excerpt":{"rendered":"<p>? \u2020\u00a0Magyarp\u00e9terlaka, 1729.: ref. lelk\u00e9sz. \u2013 Kv.-on subscrib\u00e1lt (1670 k.) Szolg\u00e1lt Oroszf\u00e1j\u00e1n (1678), Tancson (1679), K\u00f6rtv\u00e9lyf\u00e1j\u00e1n (1693\u201396), hal\u00e1l\u00e1ig Magyarp\u00e9terlak\u00e1n lp., g\u00f6rg\u00e9nyi egyh\u00e1zmegye esperese (1708\u201314- 29). Az egyh\u00e1zmegye vizit\u00e1ci\u00f3s \u00e9s parci\u00e1lis zsinati jegyz\u0151k\u00f6nyve (1722) esperess\u00e9ge alatt k\u00e9sz\u00fclt. Irod.: B\u00f6jthe Andor; Magyarf\u00fclp\u00f6s; \u0150sz; Zov\u00e1nyi<\/p>\n","protected":false},"featured_media":0,"comment_status":"open","ping_status":"closed","template":"","meta":[],"product_brand":[],"product_cat":[137],"product_tag":[],"class_list":{"0":"post-7321","1":"product","2":"type-product","3":"status-publish","5":"product_cat-maros-megyei-eletrajzi-lexikon","7":"first","8":"instock","9":"shipping-taxable","10":"product-type-simple"},"_links":{"self":[{"href":"https:\/\/uj.adatbank.ro\/lexikon\/wp-json\/wp\/v2\/product\/7321","targetHints":{"allow":["GET"]}}],"collection":[{"href":"https:\/\/uj.adatbank.ro\/lexikon\/wp-json\/wp\/v2\/product"}],"about":[{"href":"https:\/\/uj.adatbank.ro\/lexikon\/wp-json\/wp\/v2\/types\/product"}],"replies":[{"embeddable":true,"href":"https:\/\/uj.adatbank.ro\/lexikon\/wp-json\/wp\/v2\/comments?post=7321"}],"wp:attachment":[{"href":"https:\/\/uj.adatbank.ro\/lexikon\/wp-json\/wp\/v2\/media?parent=7321"}],"wp:term":[{"taxonomy":"product_brand","embeddable":true,"href":"https:\/\/uj.adatbank.ro\/lexikon\/wp-json\/wp\/v2\/product_brand?post=7321"},{"taxonomy":"product_cat","embeddable":true,"href":"https:\/\/uj.adatbank.ro\/lexikon\/wp-json\/wp\/v2\/product_cat?post=7321"},{"taxonomy":"product_tag","embeddable":true,"href":"https:\/\/uj.adatbank.ro\/lexikon\/wp-json\/wp\/v2\/product_tag?post=7321"}],"curies":[{"name":"wp","href":"https:\/\/api.w.org\/{rel}","templated":true}]}}