{"id":7324,"date":"2025-06-28T18:22:47","date_gmt":"2025-06-28T16:22:47","guid":{"rendered":"https:\/\/uj.adatbank.ro\/lexikon\/termek\/enyedi-janos\/"},"modified":"2025-06-28T18:22:47","modified_gmt":"2025-06-28T16:22:47","slug":"enyedi-janos","status":"publish","type":"product","link":"https:\/\/uj.adatbank.ro\/lexikon\/termek\/enyedi-janos\/","title":{"rendered":"ENYEDI J\u00e1nos"},"content":{"rendered":"<p>? \u2020 ? ref. lelk\u00e9sz \u2013 Franekerben tanult, K\u00e9zdiv\u00e1s\u00e1rhelyen volt lelk\u00e9sz, majd Apafi udvari pr\u00e9dik\u00e1tora. Lelk\u00e9sz Maroscsap\u00f3n (1669, 1673), Kerel\u0151szentp\u00e1lon (1677\u201384, 1694\u201395), Nagykenden (1685), B\u00faz\u00e1sbeseny\u0151n (1689\u201390), Magyars\u00fcly\u00e9n (1692), Magyarherep\u00e9n (1699). <br \/><strong>Irod.:<\/strong> Kraus: Erd\u00e9lyi kr\u00f3nika; K\u00fck\u00fcll\u0151i Ref. Egyh\u00e1zm.1., 2., 3., 4.<\/br><\/p>\n","protected":false},"excerpt":{"rendered":"<p>? \u2020 ? ref. lelk\u00e9sz \u2013 Franekerben tanult, K\u00e9zdiv\u00e1s\u00e1rhelyen volt lelk\u00e9sz, majd Apafi udvari pr\u00e9dik\u00e1tora. Lelk\u00e9sz Maroscsap\u00f3n (1669, 1673), Kerel\u0151szentp\u00e1lon (1677\u201384, 1694\u201395), Nagykenden (1685), B\u00faz\u00e1sbeseny\u0151n (1689\u201390), Magyars\u00fcly\u00e9n (1692), Magyarherep\u00e9n (1699). Irod.: Kraus: Erd\u00e9lyi kr\u00f3nika; K\u00fck\u00fcll\u0151i Ref. Egyh\u00e1zm.1., 2., 3., 4.<\/p>\n","protected":false},"featured_media":0,"comment_status":"open","ping_status":"closed","template":"","meta":[],"product_brand":[],"product_cat":[137],"product_tag":[],"class_list":{"0":"post-7324","1":"product","2":"type-product","3":"status-publish","5":"product_cat-maros-megyei-eletrajzi-lexikon","7":"first","8":"instock","9":"shipping-taxable","10":"product-type-simple"},"_links":{"self":[{"href":"https:\/\/uj.adatbank.ro\/lexikon\/wp-json\/wp\/v2\/product\/7324","targetHints":{"allow":["GET"]}}],"collection":[{"href":"https:\/\/uj.adatbank.ro\/lexikon\/wp-json\/wp\/v2\/product"}],"about":[{"href":"https:\/\/uj.adatbank.ro\/lexikon\/wp-json\/wp\/v2\/types\/product"}],"replies":[{"embeddable":true,"href":"https:\/\/uj.adatbank.ro\/lexikon\/wp-json\/wp\/v2\/comments?post=7324"}],"wp:attachment":[{"href":"https:\/\/uj.adatbank.ro\/lexikon\/wp-json\/wp\/v2\/media?parent=7324"}],"wp:term":[{"taxonomy":"product_brand","embeddable":true,"href":"https:\/\/uj.adatbank.ro\/lexikon\/wp-json\/wp\/v2\/product_brand?post=7324"},{"taxonomy":"product_cat","embeddable":true,"href":"https:\/\/uj.adatbank.ro\/lexikon\/wp-json\/wp\/v2\/product_cat?post=7324"},{"taxonomy":"product_tag","embeddable":true,"href":"https:\/\/uj.adatbank.ro\/lexikon\/wp-json\/wp\/v2\/product_tag?post=7324"}],"curies":[{"name":"wp","href":"https:\/\/api.w.org\/{rel}","templated":true}]}}