{"id":7331,"date":"2025-06-28T18:23:03","date_gmt":"2025-06-28T16:23:03","guid":{"rendered":"https:\/\/uj.adatbank.ro\/lexikon\/termek\/enyedi-samuel\/"},"modified":"2025-06-28T18:23:03","modified_gmt":"2025-06-28T16:23:03","slug":"enyedi-samuel","status":"publish","type":"product","link":"https:\/\/uj.adatbank.ro\/lexikon\/termek\/enyedi-samuel\/","title":{"rendered":"ENYEDI S\u00e1muel"},"content":{"rendered":"<p>? \u2020\u00a0? : tan\u00edt\u00f3, unit. lelk\u00e9sz. \u2013 Lehet \u0151 az az E. S. aki, Nagyenyeden tan\u00edtott (1664\u201371). Tanul\u00f3k\u00e9nt P\u00e1pai P\u00e1riz k\u00e9sz\u00edtett jegyzeteket az aritmetikai el\u0151ad\u00e1sair\u00f3l (1666\u201367. jan.) \u00e9s ezek fennmaradtak. Ny\u00e1r\u00e1dszentl\u00e1szl\u00f3n tan\u00edt\u00f3 (1670\u201376). A ny\u00e1r\u00e1dszentl\u00e1szl\u00f3i zsinaton v\u00e1lasztott\u00e1k esperesnek (1717. j\u00fan. 20.). <br \/><strong>Irod.:<\/strong> K\u00e9nosi-Uzoni 2.; Ny\u00e1r\u00e1dszentl\u00e1szl\u00f3; T\u00f3th<\/br><\/p>\n","protected":false},"excerpt":{"rendered":"<p>? \u2020\u00a0? : tan\u00edt\u00f3, unit. lelk\u00e9sz. \u2013 Lehet \u0151 az az E. S. aki, Nagyenyeden tan\u00edtott (1664\u201371). Tanul\u00f3k\u00e9nt P\u00e1pai P\u00e1riz k\u00e9sz\u00edtett jegyzeteket az aritmetikai el\u0151ad\u00e1sair\u00f3l (1666\u201367. jan.) \u00e9s ezek fennmaradtak. Ny\u00e1r\u00e1dszentl\u00e1szl\u00f3n tan\u00edt\u00f3 (1670\u201376). A ny\u00e1r\u00e1dszentl\u00e1szl\u00f3i zsinaton v\u00e1lasztott\u00e1k esperesnek (1717. j\u00fan. 20.). Irod.: K\u00e9nosi-Uzoni 2.; Ny\u00e1r\u00e1dszentl\u00e1szl\u00f3; T\u00f3th<\/p>\n","protected":false},"featured_media":0,"comment_status":"open","ping_status":"closed","template":"","meta":[],"product_brand":[],"product_cat":[137],"product_tag":[],"class_list":{"0":"post-7331","1":"product","2":"type-product","3":"status-publish","5":"product_cat-maros-megyei-eletrajzi-lexikon","7":"first","8":"instock","9":"shipping-taxable","10":"product-type-simple"},"_links":{"self":[{"href":"https:\/\/uj.adatbank.ro\/lexikon\/wp-json\/wp\/v2\/product\/7331","targetHints":{"allow":["GET"]}}],"collection":[{"href":"https:\/\/uj.adatbank.ro\/lexikon\/wp-json\/wp\/v2\/product"}],"about":[{"href":"https:\/\/uj.adatbank.ro\/lexikon\/wp-json\/wp\/v2\/types\/product"}],"replies":[{"embeddable":true,"href":"https:\/\/uj.adatbank.ro\/lexikon\/wp-json\/wp\/v2\/comments?post=7331"}],"wp:attachment":[{"href":"https:\/\/uj.adatbank.ro\/lexikon\/wp-json\/wp\/v2\/media?parent=7331"}],"wp:term":[{"taxonomy":"product_brand","embeddable":true,"href":"https:\/\/uj.adatbank.ro\/lexikon\/wp-json\/wp\/v2\/product_brand?post=7331"},{"taxonomy":"product_cat","embeddable":true,"href":"https:\/\/uj.adatbank.ro\/lexikon\/wp-json\/wp\/v2\/product_cat?post=7331"},{"taxonomy":"product_tag","embeddable":true,"href":"https:\/\/uj.adatbank.ro\/lexikon\/wp-json\/wp\/v2\/product_tag?post=7331"}],"curies":[{"name":"wp","href":"https:\/\/api.w.org\/{rel}","templated":true}]}}