{"id":7334,"date":"2025-06-28T18:23:07","date_gmt":"2025-06-28T16:23:07","guid":{"rendered":"https:\/\/uj.adatbank.ro\/lexikon\/termek\/enyedi-samuel-enyedy-samuel\/"},"modified":"2025-06-28T18:23:07","modified_gmt":"2025-06-28T16:23:07","slug":"enyedi-samuel-enyedy-samuel","status":"publish","type":"product","link":"https:\/\/uj.adatbank.ro\/lexikon\/termek\/enyedi-samuel-enyedy-samuel\/","title":{"rendered":"ENYEDI S\u00e1muel, Enyedy S\u00e1muel"},"content":{"rendered":"<p>? \u2020\u00a0? : m\u00e9sz\u00e1ros. \u2013 Feles\u00e9ge: Petry Katalin (1846-Mv., 1931. \u00e1pr. 4.). Gyermekeik: Jen\u0151, feles\u00e9ge R\u00e9thy Erzs\u00e9bet; Giza R\u00e9thy Ferencn\u00e9. \u2013 Mv.-en volt m\u00e9sz\u00e1ros \u00e9s hentesmester. A MP, k\u00e9s\u0151bb a M. N\u00e9pk\u00f6z\u00f6ss\u00e9g tagja volt. <br \/><strong>Irod.:<\/strong> Gy\u00e1szjelent\u0151; Visnai<\/br><\/p>\n","protected":false},"excerpt":{"rendered":"<p>? \u2020\u00a0? : m\u00e9sz\u00e1ros. \u2013 Feles\u00e9ge: Petry Katalin (1846-Mv., 1931. \u00e1pr. 4.). Gyermekeik: Jen\u0151, feles\u00e9ge R\u00e9thy Erzs\u00e9bet; Giza R\u00e9thy Ferencn\u00e9. \u2013 Mv.-en volt m\u00e9sz\u00e1ros \u00e9s hentesmester. A MP, k\u00e9s\u0151bb a M. N\u00e9pk\u00f6z\u00f6ss\u00e9g tagja volt. Irod.: Gy\u00e1szjelent\u0151; Visnai<\/p>\n","protected":false},"featured_media":0,"comment_status":"open","ping_status":"closed","template":"","meta":[],"product_brand":[],"product_cat":[137],"product_tag":[],"class_list":{"0":"post-7334","1":"product","2":"type-product","3":"status-publish","5":"product_cat-maros-megyei-eletrajzi-lexikon","7":"first","8":"instock","9":"shipping-taxable","10":"product-type-simple"},"_links":{"self":[{"href":"https:\/\/uj.adatbank.ro\/lexikon\/wp-json\/wp\/v2\/product\/7334","targetHints":{"allow":["GET"]}}],"collection":[{"href":"https:\/\/uj.adatbank.ro\/lexikon\/wp-json\/wp\/v2\/product"}],"about":[{"href":"https:\/\/uj.adatbank.ro\/lexikon\/wp-json\/wp\/v2\/types\/product"}],"replies":[{"embeddable":true,"href":"https:\/\/uj.adatbank.ro\/lexikon\/wp-json\/wp\/v2\/comments?post=7334"}],"wp:attachment":[{"href":"https:\/\/uj.adatbank.ro\/lexikon\/wp-json\/wp\/v2\/media?parent=7334"}],"wp:term":[{"taxonomy":"product_brand","embeddable":true,"href":"https:\/\/uj.adatbank.ro\/lexikon\/wp-json\/wp\/v2\/product_brand?post=7334"},{"taxonomy":"product_cat","embeddable":true,"href":"https:\/\/uj.adatbank.ro\/lexikon\/wp-json\/wp\/v2\/product_cat?post=7334"},{"taxonomy":"product_tag","embeddable":true,"href":"https:\/\/uj.adatbank.ro\/lexikon\/wp-json\/wp\/v2\/product_tag?post=7334"}],"curies":[{"name":"wp","href":"https:\/\/api.w.org\/{rel}","templated":true}]}}