{"id":7335,"date":"2025-06-28T18:23:09","date_gmt":"2025-06-28T16:23:09","guid":{"rendered":"https:\/\/uj.adatbank.ro\/lexikon\/termek\/enyedy-miklos\/"},"modified":"2025-06-28T18:23:09","modified_gmt":"2025-06-28T16:23:09","slug":"enyedy-miklos","status":"publish","type":"product","link":"https:\/\/uj.adatbank.ro\/lexikon\/termek\/enyedy-miklos\/","title":{"rendered":"ENYEDY Mikl\u00f3s"},"content":{"rendered":"<p>? \u2020\u00a0? : \u00fcgyv\u00e9d\u00a0? \u2013 <strong>F. m.:<\/strong> <strong>t\u00e1rssz.:<\/strong> \u00datmutat\u00f3 az \u00faj j\u00e1r\u00e1sb\u00edr\u00f3s\u00e1gi somm\u00e1s \u00fcgyviteli szab\u00e1lyokhoz (Mv., 1898). <br \/><strong>Irod.:<\/strong> F\u00fcl\u00f6p\u2013Ferencz<\/br><\/p>\n","protected":false},"excerpt":{"rendered":"<p>? \u2020\u00a0? : \u00fcgyv\u00e9d\u00a0? \u2013 F. m.: t\u00e1rssz.: \u00datmutat\u00f3 az \u00faj j\u00e1r\u00e1sb\u00edr\u00f3s\u00e1gi somm\u00e1s \u00fcgyviteli szab\u00e1lyokhoz (Mv., 1898). Irod.: F\u00fcl\u00f6p\u2013Ferencz<\/p>\n","protected":false},"featured_media":0,"comment_status":"open","ping_status":"closed","template":"","meta":[],"product_brand":[],"product_cat":[137],"product_tag":[],"class_list":{"0":"post-7335","1":"product","2":"type-product","3":"status-publish","5":"product_cat-maros-megyei-eletrajzi-lexikon","7":"first","8":"instock","9":"shipping-taxable","10":"product-type-simple"},"_links":{"self":[{"href":"https:\/\/uj.adatbank.ro\/lexikon\/wp-json\/wp\/v2\/product\/7335","targetHints":{"allow":["GET"]}}],"collection":[{"href":"https:\/\/uj.adatbank.ro\/lexikon\/wp-json\/wp\/v2\/product"}],"about":[{"href":"https:\/\/uj.adatbank.ro\/lexikon\/wp-json\/wp\/v2\/types\/product"}],"replies":[{"embeddable":true,"href":"https:\/\/uj.adatbank.ro\/lexikon\/wp-json\/wp\/v2\/comments?post=7335"}],"wp:attachment":[{"href":"https:\/\/uj.adatbank.ro\/lexikon\/wp-json\/wp\/v2\/media?parent=7335"}],"wp:term":[{"taxonomy":"product_brand","embeddable":true,"href":"https:\/\/uj.adatbank.ro\/lexikon\/wp-json\/wp\/v2\/product_brand?post=7335"},{"taxonomy":"product_cat","embeddable":true,"href":"https:\/\/uj.adatbank.ro\/lexikon\/wp-json\/wp\/v2\/product_cat?post=7335"},{"taxonomy":"product_tag","embeddable":true,"href":"https:\/\/uj.adatbank.ro\/lexikon\/wp-json\/wp\/v2\/product_tag?post=7335"}],"curies":[{"name":"wp","href":"https:\/\/api.w.org\/{rel}","templated":true}]}}