{"id":7336,"date":"2025-06-28T18:23:11","date_gmt":"2025-06-28T16:23:11","guid":{"rendered":"https:\/\/uj.adatbank.ro\/lexikon\/termek\/enyedyne-k-eliz\/"},"modified":"2025-06-28T18:23:11","modified_gmt":"2025-06-28T16:23:11","slug":"enyedyne-k-eliz","status":"publish","type":"product","link":"https:\/\/uj.adatbank.ro\/lexikon\/termek\/enyedyne-k-eliz\/","title":{"rendered":"ENYEDYN\u00c9 K. Eliz"},"content":{"rendered":"<p>? \u2020\u00a0? : szak\u00edr\u00f3. \u2013 <strong>F. m.:<\/strong> <strong>t\u00e1rssz.:<\/strong> A magyar n\u0151k t\u00e1rsadalmi helyzete hajdan \u00e9s most (Mv., 1904). <br \/><strong>Irod.:<\/strong> Guly\u00e1s<\/br><\/p>\n","protected":false},"excerpt":{"rendered":"<p>? \u2020\u00a0? : szak\u00edr\u00f3. \u2013 F. m.: t\u00e1rssz.: A magyar n\u0151k t\u00e1rsadalmi helyzete hajdan \u00e9s most (Mv., 1904). Irod.: Guly\u00e1s<\/p>\n","protected":false},"featured_media":0,"comment_status":"open","ping_status":"closed","template":"","meta":[],"product_brand":[],"product_cat":[137],"product_tag":[],"class_list":{"0":"post-7336","1":"product","2":"type-product","3":"status-publish","5":"product_cat-maros-megyei-eletrajzi-lexikon","7":"first","8":"instock","9":"shipping-taxable","10":"product-type-simple"},"_links":{"self":[{"href":"https:\/\/uj.adatbank.ro\/lexikon\/wp-json\/wp\/v2\/product\/7336","targetHints":{"allow":["GET"]}}],"collection":[{"href":"https:\/\/uj.adatbank.ro\/lexikon\/wp-json\/wp\/v2\/product"}],"about":[{"href":"https:\/\/uj.adatbank.ro\/lexikon\/wp-json\/wp\/v2\/types\/product"}],"replies":[{"embeddable":true,"href":"https:\/\/uj.adatbank.ro\/lexikon\/wp-json\/wp\/v2\/comments?post=7336"}],"wp:attachment":[{"href":"https:\/\/uj.adatbank.ro\/lexikon\/wp-json\/wp\/v2\/media?parent=7336"}],"wp:term":[{"taxonomy":"product_brand","embeddable":true,"href":"https:\/\/uj.adatbank.ro\/lexikon\/wp-json\/wp\/v2\/product_brand?post=7336"},{"taxonomy":"product_cat","embeddable":true,"href":"https:\/\/uj.adatbank.ro\/lexikon\/wp-json\/wp\/v2\/product_cat?post=7336"},{"taxonomy":"product_tag","embeddable":true,"href":"https:\/\/uj.adatbank.ro\/lexikon\/wp-json\/wp\/v2\/product_tag?post=7336"}],"curies":[{"name":"wp","href":"https:\/\/api.w.org\/{rel}","templated":true}]}}