{"id":7337,"date":"2025-06-28T18:23:14","date_gmt":"2025-06-28T16:23:14","guid":{"rendered":"https:\/\/uj.adatbank.ro\/lexikon\/termek\/eordogh-albert\/"},"modified":"2025-06-28T18:23:14","modified_gmt":"2025-06-28T16:23:14","slug":"eordogh-albert","status":"publish","type":"product","link":"https:\/\/uj.adatbank.ro\/lexikon\/termek\/eordogh-albert\/","title":{"rendered":"E\u00d6RD\u00d6GH Albert"},"content":{"rendered":"<p>Holtmaros, 1852., \u2020\u00a0? : k\u00f6rjegyz\u0151. \u2013 A gimn.-i \u00e9retts\u00e9gi let\u00e9tele ut\u00e1n Sz\u00e9kelyk\u00e1l-ban mint jegyz\u0151 m\u0171k\u00f6d\u00f6tt \u00e9vekig. (\u20131917), majd Vadadon \u00e9lt. K\u00f6zigazgat\u00e1si tisztvisel\u0151 volt. <br \/><strong>Irod.:<\/strong> Cs\u00edkfalva; Sz\u00e9kelyf\u00f6ld \u00ed.k.<\/br><\/p>\n","protected":false},"excerpt":{"rendered":"<p>Holtmaros, 1852., \u2020\u00a0? : k\u00f6rjegyz\u0151. \u2013 A gimn.-i \u00e9retts\u00e9gi let\u00e9tele ut\u00e1n Sz\u00e9kelyk\u00e1l-ban mint jegyz\u0151 m\u0171k\u00f6d\u00f6tt \u00e9vekig. (\u20131917), majd Vadadon \u00e9lt. K\u00f6zigazgat\u00e1si tisztvisel\u0151 volt. Irod.: Cs\u00edkfalva; Sz\u00e9kelyf\u00f6ld \u00ed.k.<\/p>\n","protected":false},"featured_media":0,"comment_status":"open","ping_status":"closed","template":"","meta":[],"product_brand":[],"product_cat":[137],"product_tag":[],"class_list":{"0":"post-7337","1":"product","2":"type-product","3":"status-publish","5":"product_cat-maros-megyei-eletrajzi-lexikon","7":"first","8":"instock","9":"shipping-taxable","10":"product-type-simple"},"_links":{"self":[{"href":"https:\/\/uj.adatbank.ro\/lexikon\/wp-json\/wp\/v2\/product\/7337","targetHints":{"allow":["GET"]}}],"collection":[{"href":"https:\/\/uj.adatbank.ro\/lexikon\/wp-json\/wp\/v2\/product"}],"about":[{"href":"https:\/\/uj.adatbank.ro\/lexikon\/wp-json\/wp\/v2\/types\/product"}],"replies":[{"embeddable":true,"href":"https:\/\/uj.adatbank.ro\/lexikon\/wp-json\/wp\/v2\/comments?post=7337"}],"wp:attachment":[{"href":"https:\/\/uj.adatbank.ro\/lexikon\/wp-json\/wp\/v2\/media?parent=7337"}],"wp:term":[{"taxonomy":"product_brand","embeddable":true,"href":"https:\/\/uj.adatbank.ro\/lexikon\/wp-json\/wp\/v2\/product_brand?post=7337"},{"taxonomy":"product_cat","embeddable":true,"href":"https:\/\/uj.adatbank.ro\/lexikon\/wp-json\/wp\/v2\/product_cat?post=7337"},{"taxonomy":"product_tag","embeddable":true,"href":"https:\/\/uj.adatbank.ro\/lexikon\/wp-json\/wp\/v2\/product_tag?post=7337"}],"curies":[{"name":"wp","href":"https:\/\/api.w.org\/{rel}","templated":true}]}}