{"id":7338,"date":"2025-06-28T18:23:16","date_gmt":"2025-06-28T16:23:16","guid":{"rendered":"https:\/\/uj.adatbank.ro\/lexikon\/termek\/eordogh-mihaly\/"},"modified":"2025-06-28T18:23:16","modified_gmt":"2025-06-28T16:23:16","slug":"eordogh-mihaly","status":"publish","type":"product","link":"https:\/\/uj.adatbank.ro\/lexikon\/termek\/eordogh-mihaly\/","title":{"rendered":"E\u00d6RD\u00d6GH Mih\u00e1ly"},"content":{"rendered":"<p>1928 \u2020\u00a0Mv., 1987. febr. 10.: \u00e9lsportol\u00f3. <br \/><strong>Irod.:<\/strong> [Nekrol\u00f3g] (V. Z., 1987. febr. 11.)<\/br><\/p>\n","protected":false},"excerpt":{"rendered":"<p>1928 \u2020\u00a0Mv., 1987. febr. 10.: \u00e9lsportol\u00f3. Irod.: [Nekrol\u00f3g] (V. Z., 1987. febr. 11.)<\/p>\n","protected":false},"featured_media":0,"comment_status":"open","ping_status":"closed","template":"","meta":[],"product_brand":[],"product_cat":[137],"product_tag":[],"class_list":{"0":"post-7338","1":"product","2":"type-product","3":"status-publish","5":"product_cat-maros-megyei-eletrajzi-lexikon","7":"first","8":"instock","9":"shipping-taxable","10":"product-type-simple"},"_links":{"self":[{"href":"https:\/\/uj.adatbank.ro\/lexikon\/wp-json\/wp\/v2\/product\/7338","targetHints":{"allow":["GET"]}}],"collection":[{"href":"https:\/\/uj.adatbank.ro\/lexikon\/wp-json\/wp\/v2\/product"}],"about":[{"href":"https:\/\/uj.adatbank.ro\/lexikon\/wp-json\/wp\/v2\/types\/product"}],"replies":[{"embeddable":true,"href":"https:\/\/uj.adatbank.ro\/lexikon\/wp-json\/wp\/v2\/comments?post=7338"}],"wp:attachment":[{"href":"https:\/\/uj.adatbank.ro\/lexikon\/wp-json\/wp\/v2\/media?parent=7338"}],"wp:term":[{"taxonomy":"product_brand","embeddable":true,"href":"https:\/\/uj.adatbank.ro\/lexikon\/wp-json\/wp\/v2\/product_brand?post=7338"},{"taxonomy":"product_cat","embeddable":true,"href":"https:\/\/uj.adatbank.ro\/lexikon\/wp-json\/wp\/v2\/product_cat?post=7338"},{"taxonomy":"product_tag","embeddable":true,"href":"https:\/\/uj.adatbank.ro\/lexikon\/wp-json\/wp\/v2\/product_tag?post=7338"}],"curies":[{"name":"wp","href":"https:\/\/api.w.org\/{rel}","templated":true}]}}