{"id":7339,"date":"2025-06-28T18:23:19","date_gmt":"2025-06-28T16:23:19","guid":{"rendered":"https:\/\/uj.adatbank.ro\/lexikon\/termek\/eordogh-mihaly-zoltani\/"},"modified":"2025-06-28T18:23:19","modified_gmt":"2025-06-28T16:23:19","slug":"eordogh-mihaly-zoltani","status":"publish","type":"product","link":"https:\/\/uj.adatbank.ro\/lexikon\/termek\/eordogh-mihaly-zoltani\/","title":{"rendered":"E\u00d6RD\u00d6GH Mih\u00e1ly, zolt\u00e1ni"},"content":{"rendered":"<p>? \u2020\u00a0? : nemes. \u2013 B\u00e1thory G\u00e1bor a pixidariusi \u00e1llap\u00f3t\u00e1bol kiv\u00e9tette \u00e9s c\u00edmeres nemess\u00e9gre emelte, t\u00f6bbed mag\u00e1val, a gyulafeh\u00e9rv\u00e1ri Balogh Imre hadnagys\u00e1ga alatt \u00e1ll\u00f3 test\u0151r gyalogosok h\u0171 szolg\u00e1lataik\u00e9rt (1611. j\u00fan. 14.). <br \/><strong>Irod.:<\/strong> S\u00e1ndor Imre<\/br><\/p>\n","protected":false},"excerpt":{"rendered":"<p>? \u2020\u00a0? : nemes. \u2013 B\u00e1thory G\u00e1bor a pixidariusi \u00e1llap\u00f3t\u00e1bol kiv\u00e9tette \u00e9s c\u00edmeres nemess\u00e9gre emelte, t\u00f6bbed mag\u00e1val, a gyulafeh\u00e9rv\u00e1ri Balogh Imre hadnagys\u00e1ga alatt \u00e1ll\u00f3 test\u0151r gyalogosok h\u0171 szolg\u00e1lataik\u00e9rt (1611. j\u00fan. 14.). Irod.: S\u00e1ndor Imre<\/p>\n","protected":false},"featured_media":0,"comment_status":"open","ping_status":"closed","template":"","meta":[],"product_brand":[],"product_cat":[137],"product_tag":[],"class_list":{"0":"post-7339","1":"product","2":"type-product","3":"status-publish","5":"product_cat-maros-megyei-eletrajzi-lexikon","7":"first","8":"instock","9":"shipping-taxable","10":"product-type-simple"},"_links":{"self":[{"href":"https:\/\/uj.adatbank.ro\/lexikon\/wp-json\/wp\/v2\/product\/7339","targetHints":{"allow":["GET"]}}],"collection":[{"href":"https:\/\/uj.adatbank.ro\/lexikon\/wp-json\/wp\/v2\/product"}],"about":[{"href":"https:\/\/uj.adatbank.ro\/lexikon\/wp-json\/wp\/v2\/types\/product"}],"replies":[{"embeddable":true,"href":"https:\/\/uj.adatbank.ro\/lexikon\/wp-json\/wp\/v2\/comments?post=7339"}],"wp:attachment":[{"href":"https:\/\/uj.adatbank.ro\/lexikon\/wp-json\/wp\/v2\/media?parent=7339"}],"wp:term":[{"taxonomy":"product_brand","embeddable":true,"href":"https:\/\/uj.adatbank.ro\/lexikon\/wp-json\/wp\/v2\/product_brand?post=7339"},{"taxonomy":"product_cat","embeddable":true,"href":"https:\/\/uj.adatbank.ro\/lexikon\/wp-json\/wp\/v2\/product_cat?post=7339"},{"taxonomy":"product_tag","embeddable":true,"href":"https:\/\/uj.adatbank.ro\/lexikon\/wp-json\/wp\/v2\/product_tag?post=7339"}],"curies":[{"name":"wp","href":"https:\/\/api.w.org\/{rel}","templated":true}]}}