{"id":7343,"date":"2025-06-28T18:23:27","date_gmt":"2025-06-28T16:23:27","guid":{"rendered":"https:\/\/uj.adatbank.ro\/lexikon\/termek\/eperjesi-ferenc\/"},"modified":"2025-06-28T18:23:27","modified_gmt":"2025-06-28T16:23:27","slug":"eperjesi-ferenc","status":"publish","type":"product","link":"https:\/\/uj.adatbank.ro\/lexikon\/termek\/eperjesi-ferenc\/","title":{"rendered":"EPERJESI Ferenc"},"content":{"rendered":"<p>? \u2020\u00a0? : tan\u00edt\u00f3 n\u00e9piskolai igazgat\u00f3. \u2013 <strong>F. m.:<\/strong> A lak\u00f3hely \u00e9s K\u00fck\u00fcll\u0151v\u00e1rmegye ismertet\u00e9se kapcsolatban a f\u00f6ldrajz alapfogalmaival (Dics\u0151szentm\u00e1rton, 1909). <br \/><strong>Irod.:<\/strong> F\u00fcl\u00f6p\u2013Ferencz<\/br><\/p>\n","protected":false},"excerpt":{"rendered":"<p>? \u2020\u00a0? : tan\u00edt\u00f3 n\u00e9piskolai igazgat\u00f3. \u2013 F. m.: A lak\u00f3hely \u00e9s K\u00fck\u00fcll\u0151v\u00e1rmegye ismertet\u00e9se kapcsolatban a f\u00f6ldrajz alapfogalmaival (Dics\u0151szentm\u00e1rton, 1909). Irod.: F\u00fcl\u00f6p\u2013Ferencz<\/p>\n","protected":false},"featured_media":0,"comment_status":"open","ping_status":"closed","template":"","meta":[],"product_brand":[],"product_cat":[137],"product_tag":[],"class_list":{"0":"post-7343","1":"product","2":"type-product","3":"status-publish","5":"product_cat-maros-megyei-eletrajzi-lexikon","7":"first","8":"instock","9":"shipping-taxable","10":"product-type-simple"},"_links":{"self":[{"href":"https:\/\/uj.adatbank.ro\/lexikon\/wp-json\/wp\/v2\/product\/7343","targetHints":{"allow":["GET"]}}],"collection":[{"href":"https:\/\/uj.adatbank.ro\/lexikon\/wp-json\/wp\/v2\/product"}],"about":[{"href":"https:\/\/uj.adatbank.ro\/lexikon\/wp-json\/wp\/v2\/types\/product"}],"replies":[{"embeddable":true,"href":"https:\/\/uj.adatbank.ro\/lexikon\/wp-json\/wp\/v2\/comments?post=7343"}],"wp:attachment":[{"href":"https:\/\/uj.adatbank.ro\/lexikon\/wp-json\/wp\/v2\/media?parent=7343"}],"wp:term":[{"taxonomy":"product_brand","embeddable":true,"href":"https:\/\/uj.adatbank.ro\/lexikon\/wp-json\/wp\/v2\/product_brand?post=7343"},{"taxonomy":"product_cat","embeddable":true,"href":"https:\/\/uj.adatbank.ro\/lexikon\/wp-json\/wp\/v2\/product_cat?post=7343"},{"taxonomy":"product_tag","embeddable":true,"href":"https:\/\/uj.adatbank.ro\/lexikon\/wp-json\/wp\/v2\/product_tag?post=7343"}],"curies":[{"name":"wp","href":"https:\/\/api.w.org\/{rel}","templated":true}]}}