{"id":7344,"date":"2025-06-28T18:23:28","date_gmt":"2025-06-28T16:23:28","guid":{"rendered":"https:\/\/uj.adatbank.ro\/lexikon\/termek\/eperjesi-jozsef\/"},"modified":"2025-06-28T18:23:28","modified_gmt":"2025-06-28T16:23:28","slug":"eperjesi-jozsef","status":"publish","type":"product","link":"https:\/\/uj.adatbank.ro\/lexikon\/termek\/eperjesi-jozsef\/","title":{"rendered":"EPERJESI J\u00f3zsef"},"content":{"rendered":"<p>? \u2020 ? : cs\u00e1sz\u00e1ri lovas kapit\u00e1ny, biztos. \u2013 A Marosi ker\u00fclet cs. \u00e9s k. kat. biztos\u00e1nak nevezt\u00e9k ki (1849. okt. 20). Sz\u00e9khelye a Teleki h\u00e1zban volt. Kimutat\u00e1st k\u00e9rt a koll. el\u0151lj\u00e1r\u00f3ir\u00f3l, az iskola \u00e1llapot\u00e1r\u00f3l, di\u00e1kok sz\u00e1m\u00e1r\u00f3l, kik vettek r\u00e9szt a szabads\u00e1gharcban. Egy korabeli tan\u00fa szerint igen j\u00f3 indulattal volt a m. nyelv \u00e9s a magyarok ir\u00e1nt (1850). <br \/><strong>Irod.:<\/strong> Id\u0151t\u00e1r 2<\/br><\/p>\n","protected":false},"excerpt":{"rendered":"<p>? \u2020 ? : cs\u00e1sz\u00e1ri lovas kapit\u00e1ny, biztos. \u2013 A Marosi ker\u00fclet cs. \u00e9s k. kat. biztos\u00e1nak nevezt\u00e9k ki (1849. okt. 20). Sz\u00e9khelye a Teleki h\u00e1zban volt. Kimutat\u00e1st k\u00e9rt a koll. el\u0151lj\u00e1r\u00f3ir\u00f3l, az iskola \u00e1llapot\u00e1r\u00f3l, di\u00e1kok sz\u00e1m\u00e1r\u00f3l, kik vettek r\u00e9szt a szabads\u00e1gharcban. Egy korabeli tan\u00fa szerint igen j\u00f3 indulattal volt a m. nyelv \u00e9s a [&hellip;]<\/p>\n","protected":false},"featured_media":0,"comment_status":"open","ping_status":"closed","template":"","meta":[],"product_brand":[],"product_cat":[137],"product_tag":[],"class_list":{"0":"post-7344","1":"product","2":"type-product","3":"status-publish","5":"product_cat-maros-megyei-eletrajzi-lexikon","7":"first","8":"instock","9":"shipping-taxable","10":"product-type-simple"},"_links":{"self":[{"href":"https:\/\/uj.adatbank.ro\/lexikon\/wp-json\/wp\/v2\/product\/7344","targetHints":{"allow":["GET"]}}],"collection":[{"href":"https:\/\/uj.adatbank.ro\/lexikon\/wp-json\/wp\/v2\/product"}],"about":[{"href":"https:\/\/uj.adatbank.ro\/lexikon\/wp-json\/wp\/v2\/types\/product"}],"replies":[{"embeddable":true,"href":"https:\/\/uj.adatbank.ro\/lexikon\/wp-json\/wp\/v2\/comments?post=7344"}],"wp:attachment":[{"href":"https:\/\/uj.adatbank.ro\/lexikon\/wp-json\/wp\/v2\/media?parent=7344"}],"wp:term":[{"taxonomy":"product_brand","embeddable":true,"href":"https:\/\/uj.adatbank.ro\/lexikon\/wp-json\/wp\/v2\/product_brand?post=7344"},{"taxonomy":"product_cat","embeddable":true,"href":"https:\/\/uj.adatbank.ro\/lexikon\/wp-json\/wp\/v2\/product_cat?post=7344"},{"taxonomy":"product_tag","embeddable":true,"href":"https:\/\/uj.adatbank.ro\/lexikon\/wp-json\/wp\/v2\/product_tag?post=7344"}],"curies":[{"name":"wp","href":"https:\/\/api.w.org\/{rel}","templated":true}]}}