{"id":7345,"date":"2025-06-28T18:23:30","date_gmt":"2025-06-28T16:23:30","guid":{"rendered":"https:\/\/uj.adatbank.ro\/lexikon\/termek\/eperjesi-lajos-eperjessy-lajos\/"},"modified":"2025-06-28T18:23:30","modified_gmt":"2025-06-28T16:23:30","slug":"eperjesi-lajos-eperjessy-lajos","status":"publish","type":"product","link":"https:\/\/uj.adatbank.ro\/lexikon\/termek\/eperjesi-lajos-eperjessy-lajos\/","title":{"rendered":"EPERJESI Lajos, Eperjessy Lajos"},"content":{"rendered":"<p>? \u2020 ?: cs\u00e1sz\u00e1ri lovaskapit\u00e1ny a szabads\u00e1gharc lever\u00e9se ut\u00e1n a Maros-ker\u00fclet cs. kir.korm\u00e1nybiztosa (1849. nov.). <br \/><strong>Irod.:<\/strong> P\u00e1l-Antal<\/br><\/p>\n","protected":false},"excerpt":{"rendered":"<p>? \u2020 ?: cs\u00e1sz\u00e1ri lovaskapit\u00e1ny a szabads\u00e1gharc lever\u00e9se ut\u00e1n a Maros-ker\u00fclet cs. kir.korm\u00e1nybiztosa (1849. nov.). Irod.: P\u00e1l-Antal<\/p>\n","protected":false},"featured_media":0,"comment_status":"open","ping_status":"closed","template":"","meta":[],"product_brand":[],"product_cat":[137],"product_tag":[],"class_list":{"0":"post-7345","1":"product","2":"type-product","3":"status-publish","5":"product_cat-maros-megyei-eletrajzi-lexikon","7":"first","8":"instock","9":"shipping-taxable","10":"product-type-simple"},"_links":{"self":[{"href":"https:\/\/uj.adatbank.ro\/lexikon\/wp-json\/wp\/v2\/product\/7345","targetHints":{"allow":["GET"]}}],"collection":[{"href":"https:\/\/uj.adatbank.ro\/lexikon\/wp-json\/wp\/v2\/product"}],"about":[{"href":"https:\/\/uj.adatbank.ro\/lexikon\/wp-json\/wp\/v2\/types\/product"}],"replies":[{"embeddable":true,"href":"https:\/\/uj.adatbank.ro\/lexikon\/wp-json\/wp\/v2\/comments?post=7345"}],"wp:attachment":[{"href":"https:\/\/uj.adatbank.ro\/lexikon\/wp-json\/wp\/v2\/media?parent=7345"}],"wp:term":[{"taxonomy":"product_brand","embeddable":true,"href":"https:\/\/uj.adatbank.ro\/lexikon\/wp-json\/wp\/v2\/product_brand?post=7345"},{"taxonomy":"product_cat","embeddable":true,"href":"https:\/\/uj.adatbank.ro\/lexikon\/wp-json\/wp\/v2\/product_cat?post=7345"},{"taxonomy":"product_tag","embeddable":true,"href":"https:\/\/uj.adatbank.ro\/lexikon\/wp-json\/wp\/v2\/product_tag?post=7345"}],"curies":[{"name":"wp","href":"https:\/\/api.w.org\/{rel}","templated":true}]}}