{"id":7347,"date":"2025-06-28T18:23:32","date_gmt":"2025-06-28T16:23:32","guid":{"rendered":"https:\/\/uj.adatbank.ro\/lexikon\/termek\/eperjesi-zsigmond\/"},"modified":"2025-06-28T18:23:32","modified_gmt":"2025-06-28T16:23:32","slug":"eperjesi-zsigmond","status":"publish","type":"product","link":"https:\/\/uj.adatbank.ro\/lexikon\/termek\/eperjesi-zsigmond\/","title":{"rendered":"EPERJESI Zsigmond"},"content":{"rendered":"<p>Nagybacon, ? \u2020\u00a0Nagyenyed, 1790.: ref. lelk\u00e9sz. \u2013 Kv.-on subscrib\u00e1lt (1745 k.). Franeker\u00e1ban (1751. okt. 1- 52) \u00e9s Utrechtben tanult a teol\u00f3gi\u00e1n (1752). Lelk\u00e9sz Sz\u0151kefalv\u00e1n (1755\u201358), V\u00e1mosg\u00e1lfalv\u00e1n (1758\u201376), Felvincen (1776\u201384), Nagyenyeden hal\u00e1l\u00e1ig (1784\u201390). \u2013 <strong>F. m.:<\/strong> Epicedion in acerbo et inmaturo funere seren. ac celsissimi Arausionensium et Nassaviorum principis Gulielmi IV. foederatae Belgicae&#8230; (Frisiae, 1752). <br \/><strong>Irod.:<\/strong> K\u00fck\u00fcll\u0151i Ref. Egyh\u00e1zm..4.; Nagy L\u00e1szl\u00f3; Szinnyei<\/br><\/p>\n","protected":false},"excerpt":{"rendered":"<p>Nagybacon, ? \u2020\u00a0Nagyenyed, 1790.: ref. lelk\u00e9sz. \u2013 Kv.-on subscrib\u00e1lt (1745 k.). Franeker\u00e1ban (1751. okt. 1- 52) \u00e9s Utrechtben tanult a teol\u00f3gi\u00e1n (1752). Lelk\u00e9sz Sz\u0151kefalv\u00e1n (1755\u201358), V\u00e1mosg\u00e1lfalv\u00e1n (1758\u201376), Felvincen (1776\u201384), Nagyenyeden hal\u00e1l\u00e1ig (1784\u201390). \u2013 F. m.: Epicedion in acerbo et inmaturo funere seren. ac celsissimi Arausionensium et Nassaviorum principis Gulielmi IV. foederatae Belgicae&#8230; (Frisiae, 1752). Irod.: [&hellip;]<\/p>\n","protected":false},"featured_media":0,"comment_status":"open","ping_status":"closed","template":"","meta":[],"product_brand":[],"product_cat":[137],"product_tag":[],"class_list":{"0":"post-7347","1":"product","2":"type-product","3":"status-publish","5":"product_cat-maros-megyei-eletrajzi-lexikon","7":"first","8":"instock","9":"shipping-taxable","10":"product-type-simple"},"_links":{"self":[{"href":"https:\/\/uj.adatbank.ro\/lexikon\/wp-json\/wp\/v2\/product\/7347","targetHints":{"allow":["GET"]}}],"collection":[{"href":"https:\/\/uj.adatbank.ro\/lexikon\/wp-json\/wp\/v2\/product"}],"about":[{"href":"https:\/\/uj.adatbank.ro\/lexikon\/wp-json\/wp\/v2\/types\/product"}],"replies":[{"embeddable":true,"href":"https:\/\/uj.adatbank.ro\/lexikon\/wp-json\/wp\/v2\/comments?post=7347"}],"wp:attachment":[{"href":"https:\/\/uj.adatbank.ro\/lexikon\/wp-json\/wp\/v2\/media?parent=7347"}],"wp:term":[{"taxonomy":"product_brand","embeddable":true,"href":"https:\/\/uj.adatbank.ro\/lexikon\/wp-json\/wp\/v2\/product_brand?post=7347"},{"taxonomy":"product_cat","embeddable":true,"href":"https:\/\/uj.adatbank.ro\/lexikon\/wp-json\/wp\/v2\/product_cat?post=7347"},{"taxonomy":"product_tag","embeddable":true,"href":"https:\/\/uj.adatbank.ro\/lexikon\/wp-json\/wp\/v2\/product_tag?post=7347"}],"curies":[{"name":"wp","href":"https:\/\/api.w.org\/{rel}","templated":true}]}}