{"id":7349,"date":"2025-06-28T18:23:36","date_gmt":"2025-06-28T16:23:36","guid":{"rendered":"https:\/\/uj.adatbank.ro\/lexikon\/termek\/eperjessy-gyorgy-%c2%a7-toti-es-szaszvarosi-eperjesy-gyorgy\/"},"modified":"2025-06-28T18:23:36","modified_gmt":"2025-06-28T16:23:36","slug":"eperjessy-gyorgy-%c2%a7-toti-es-szaszvarosi-eperjesy-gyorgy","status":"publish","type":"product","link":"https:\/\/uj.adatbank.ro\/lexikon\/termek\/eperjessy-gyorgy-%c2%a7-toti-es-szaszvarosi-eperjesy-gyorgy\/","title":{"rendered":"EPERJESSY Gy\u00f6rgy, \u00a7 toti \u00e9s sz\u00e1szv\u00e1rosi; Eperjesy Gy\u00f6rgy"},"content":{"rendered":"<p>1865.? \u2020\u00a0Mv., 1927. \u00e1pr. 24.: p\u00e9nz\u00fcgyi tan\u00e1csos. \u2013 Feles\u00e9ge: 1.Jeney Emma. Fi\u00fak: E. B\u00e9la (1893- Mv., 1914. j\u00fal. 12.); 2. szentmikl\u00f3si Nagy Lili. Gyermekeik: E. Gy\u00f6rgy, E. Bandi. \u2013 Az MSE alap\u00edt\u00f3 tagja (1898). A Mv.-i Kaszin\u00f3 tagja <br \/><strong>Irod.:<\/strong> Bi\u00e1s Istv\u00e1n; Gy\u00e1szjelent\u0151; Illy\u00e9s; Nurids\u00e1ny Tibor: 100 \u00e9ve alakult meg a Mv.-i Sport Egylet \u2013 MSE (N\u00fa., 1998. jan. 16)<\/br><\/p>\n","protected":false},"excerpt":{"rendered":"<p>1865.? \u2020\u00a0Mv., 1927. \u00e1pr. 24.: p\u00e9nz\u00fcgyi tan\u00e1csos. \u2013 Feles\u00e9ge: 1.Jeney Emma. Fi\u00fak: E. B\u00e9la (1893- Mv., 1914. j\u00fal. 12.); 2. szentmikl\u00f3si Nagy Lili. Gyermekeik: E. Gy\u00f6rgy, E. Bandi. \u2013 Az MSE alap\u00edt\u00f3 tagja (1898). A Mv.-i Kaszin\u00f3 tagja Irod.: Bi\u00e1s Istv\u00e1n; Gy\u00e1szjelent\u0151; Illy\u00e9s; Nurids\u00e1ny Tibor: 100 \u00e9ve alakult meg a Mv.-i Sport Egylet \u2013 MSE [&hellip;]<\/p>\n","protected":false},"featured_media":0,"comment_status":"open","ping_status":"closed","template":"","meta":[],"product_brand":[],"product_cat":[137],"product_tag":[],"class_list":{"0":"post-7349","1":"product","2":"type-product","3":"status-publish","5":"product_cat-maros-megyei-eletrajzi-lexikon","7":"first","8":"instock","9":"shipping-taxable","10":"product-type-simple"},"_links":{"self":[{"href":"https:\/\/uj.adatbank.ro\/lexikon\/wp-json\/wp\/v2\/product\/7349","targetHints":{"allow":["GET"]}}],"collection":[{"href":"https:\/\/uj.adatbank.ro\/lexikon\/wp-json\/wp\/v2\/product"}],"about":[{"href":"https:\/\/uj.adatbank.ro\/lexikon\/wp-json\/wp\/v2\/types\/product"}],"replies":[{"embeddable":true,"href":"https:\/\/uj.adatbank.ro\/lexikon\/wp-json\/wp\/v2\/comments?post=7349"}],"wp:attachment":[{"href":"https:\/\/uj.adatbank.ro\/lexikon\/wp-json\/wp\/v2\/media?parent=7349"}],"wp:term":[{"taxonomy":"product_brand","embeddable":true,"href":"https:\/\/uj.adatbank.ro\/lexikon\/wp-json\/wp\/v2\/product_brand?post=7349"},{"taxonomy":"product_cat","embeddable":true,"href":"https:\/\/uj.adatbank.ro\/lexikon\/wp-json\/wp\/v2\/product_cat?post=7349"},{"taxonomy":"product_tag","embeddable":true,"href":"https:\/\/uj.adatbank.ro\/lexikon\/wp-json\/wp\/v2\/product_tag?post=7349"}],"curies":[{"name":"wp","href":"https:\/\/api.w.org\/{rel}","templated":true}]}}