{"id":7350,"date":"2025-06-28T18:23:37","date_gmt":"2025-06-28T16:23:37","guid":{"rendered":"https:\/\/uj.adatbank.ro\/lexikon\/termek\/eperjessy-laszlo\/"},"modified":"2025-06-28T18:23:37","modified_gmt":"2025-06-28T16:23:37","slug":"eperjessy-laszlo","status":"publish","type":"product","link":"https:\/\/uj.adatbank.ro\/lexikon\/termek\/eperjessy-laszlo\/","title":{"rendered":"EPERJESSY L\u00e1szl\u00f3"},"content":{"rendered":"<p>D\u00e9s, 1909., \u2020 Mv., 1989. aug. 17.: orvos. \u2013 Feles\u00e9ge: Bulbuk Ilona (1914.okt.\u20131984. \u00e1pr.); Fia\u00a0: ifj. E. L\u00e1szl\u00f3 (Mv., 1942 \u2013 Mv., 1986), k\u00f6rzeti szakorvos D\u00e9d\u00e1n. \u2013 Gyakornoki a mv.-i Ideggy\u00f3gy\u00e1szaton (1945\u2013). Belgy\u00f3gy\u00e1sz szakvizsga ut\u00e1n a mv.-i III. sz. Poliklinika szakorvosa \u00e9s igazgat\u00f3ja, a katonai poliklinik\u00e1n is rendelt. Belgy\u00f3gy\u00e1sz f\u0151orvos. <br \/><strong>Irod.:<\/strong> Kiss-P.- P; [Nekrol\u00f3g] (V. Z., 1989. aug. 11.)<\/br><\/p>\n","protected":false},"excerpt":{"rendered":"<p>D\u00e9s, 1909., \u2020 Mv., 1989. aug. 17.: orvos. \u2013 Feles\u00e9ge: Bulbuk Ilona (1914.okt.\u20131984. \u00e1pr.); Fia\u00a0: ifj. E. L\u00e1szl\u00f3 (Mv., 1942 \u2013 Mv., 1986), k\u00f6rzeti szakorvos D\u00e9d\u00e1n. \u2013 Gyakornoki a mv.-i Ideggy\u00f3gy\u00e1szaton (1945\u2013). Belgy\u00f3gy\u00e1sz szakvizsga ut\u00e1n a mv.-i III. sz. Poliklinika szakorvosa \u00e9s igazgat\u00f3ja, a katonai poliklinik\u00e1n is rendelt. Belgy\u00f3gy\u00e1sz f\u0151orvos. Irod.: Kiss-P.- P; [Nekrol\u00f3g] (V. [&hellip;]<\/p>\n","protected":false},"featured_media":0,"comment_status":"open","ping_status":"closed","template":"","meta":[],"product_brand":[],"product_cat":[137],"product_tag":[],"class_list":{"0":"post-7350","1":"product","2":"type-product","3":"status-publish","5":"product_cat-maros-megyei-eletrajzi-lexikon","7":"first","8":"instock","9":"shipping-taxable","10":"product-type-simple"},"_links":{"self":[{"href":"https:\/\/uj.adatbank.ro\/lexikon\/wp-json\/wp\/v2\/product\/7350","targetHints":{"allow":["GET"]}}],"collection":[{"href":"https:\/\/uj.adatbank.ro\/lexikon\/wp-json\/wp\/v2\/product"}],"about":[{"href":"https:\/\/uj.adatbank.ro\/lexikon\/wp-json\/wp\/v2\/types\/product"}],"replies":[{"embeddable":true,"href":"https:\/\/uj.adatbank.ro\/lexikon\/wp-json\/wp\/v2\/comments?post=7350"}],"wp:attachment":[{"href":"https:\/\/uj.adatbank.ro\/lexikon\/wp-json\/wp\/v2\/media?parent=7350"}],"wp:term":[{"taxonomy":"product_brand","embeddable":true,"href":"https:\/\/uj.adatbank.ro\/lexikon\/wp-json\/wp\/v2\/product_brand?post=7350"},{"taxonomy":"product_cat","embeddable":true,"href":"https:\/\/uj.adatbank.ro\/lexikon\/wp-json\/wp\/v2\/product_cat?post=7350"},{"taxonomy":"product_tag","embeddable":true,"href":"https:\/\/uj.adatbank.ro\/lexikon\/wp-json\/wp\/v2\/product_tag?post=7350"}],"curies":[{"name":"wp","href":"https:\/\/api.w.org\/{rel}","templated":true}]}}