{"id":7352,"date":"2025-06-28T18:23:41","date_gmt":"2025-06-28T16:23:41","guid":{"rendered":"https:\/\/uj.adatbank.ro\/lexikon\/termek\/eperjesy-janos\/"},"modified":"2025-06-28T18:23:41","modified_gmt":"2025-06-28T16:23:41","slug":"eperjesy-janos","status":"publish","type":"product","link":"https:\/\/uj.adatbank.ro\/lexikon\/termek\/eperjesy-janos\/","title":{"rendered":"EPERJESY J\u00e1nos"},"content":{"rendered":"<p>K\u00f6rtv\u00e9lyf\u00e1ja, 1900. okt. 5., \u2020\u00a0? : m\u00fazeumi tisztvisel\u0151, k\u00f6lt\u0151. \u2013 Tan\u00edt\u00f3i oklevelet D\u00e9v\u00e1n, polg. isk. tan\u00e1ri oklevelet Bp.-en szerzett. Katona majd tisztvisel\u0151 Bp.-en az OSzK-n\u00e1l. \u2013 <strong>F. m.:<\/strong> Versesk\u00f6nyv (Bp., 1934, 1936). <br \/><strong>Irod.:<\/strong> Guly\u00e1s<\/br><\/p>\n","protected":false},"excerpt":{"rendered":"<p>K\u00f6rtv\u00e9lyf\u00e1ja, 1900. okt. 5., \u2020\u00a0? : m\u00fazeumi tisztvisel\u0151, k\u00f6lt\u0151. \u2013 Tan\u00edt\u00f3i oklevelet D\u00e9v\u00e1n, polg. isk. tan\u00e1ri oklevelet Bp.-en szerzett. Katona majd tisztvisel\u0151 Bp.-en az OSzK-n\u00e1l. \u2013 F. m.: Versesk\u00f6nyv (Bp., 1934, 1936). Irod.: Guly\u00e1s<\/p>\n","protected":false},"featured_media":0,"comment_status":"open","ping_status":"closed","template":"","meta":[],"product_brand":[],"product_cat":[137],"product_tag":[],"class_list":{"0":"post-7352","1":"product","2":"type-product","3":"status-publish","5":"product_cat-maros-megyei-eletrajzi-lexikon","7":"first","8":"instock","9":"shipping-taxable","10":"product-type-simple"},"_links":{"self":[{"href":"https:\/\/uj.adatbank.ro\/lexikon\/wp-json\/wp\/v2\/product\/7352","targetHints":{"allow":["GET"]}}],"collection":[{"href":"https:\/\/uj.adatbank.ro\/lexikon\/wp-json\/wp\/v2\/product"}],"about":[{"href":"https:\/\/uj.adatbank.ro\/lexikon\/wp-json\/wp\/v2\/types\/product"}],"replies":[{"embeddable":true,"href":"https:\/\/uj.adatbank.ro\/lexikon\/wp-json\/wp\/v2\/comments?post=7352"}],"wp:attachment":[{"href":"https:\/\/uj.adatbank.ro\/lexikon\/wp-json\/wp\/v2\/media?parent=7352"}],"wp:term":[{"taxonomy":"product_brand","embeddable":true,"href":"https:\/\/uj.adatbank.ro\/lexikon\/wp-json\/wp\/v2\/product_brand?post=7352"},{"taxonomy":"product_cat","embeddable":true,"href":"https:\/\/uj.adatbank.ro\/lexikon\/wp-json\/wp\/v2\/product_cat?post=7352"},{"taxonomy":"product_tag","embeddable":true,"href":"https:\/\/uj.adatbank.ro\/lexikon\/wp-json\/wp\/v2\/product_tag?post=7352"}],"curies":[{"name":"wp","href":"https:\/\/api.w.org\/{rel}","templated":true}]}}