{"id":7355,"date":"2025-06-28T18:23:46","date_gmt":"2025-06-28T16:23:46","guid":{"rendered":"https:\/\/uj.adatbank.ro\/lexikon\/termek\/eranosz-antal\/"},"modified":"2025-06-28T18:23:46","modified_gmt":"2025-06-28T16:23:46","slug":"eranosz-antal","status":"publish","type":"product","link":"https:\/\/uj.adatbank.ro\/lexikon\/termek\/eranosz-antal\/","title":{"rendered":"ERANOSZ Antal"},"content":{"rendered":"<p>Mv., 1816. aug. 9., \u2020\u00a0? : sz\u00edn\u00e9sz. \u2013 Feles\u00e9ge: Istv\u00e1nffy Anna (1825 \u2013 Mv., 1910. okt. 30.). Esk\u00fcv\u0151 1844. j\u00fan. 18. Le\u00e1nyuk: E. Kazacsay Anna, Gubody S\u00e1ndorn\u00e9. <br \/><strong>Irod.:<\/strong> Gy\u00e1szjelent;.Moln\u00e1r Gy\u00f6rgy: Vil\u00e1gost\u00f3l Vil\u00e1gosig (Arad, 1881); P\u00e1l-Antal S\u00e1ndor: \u00d6rm\u00e9nyek Mv.-en 1848 el\u0151tt=Pusk\u00e1s-Sz\u00e1sz \u00c1v\u00e9d; Sz\u00e1va 2012<\/br><\/p>\n","protected":false},"excerpt":{"rendered":"<p>Mv., 1816. aug. 9., \u2020\u00a0? : sz\u00edn\u00e9sz. \u2013 Feles\u00e9ge: Istv\u00e1nffy Anna (1825 \u2013 Mv., 1910. okt. 30.). Esk\u00fcv\u0151 1844. j\u00fan. 18. Le\u00e1nyuk: E. Kazacsay Anna, Gubody S\u00e1ndorn\u00e9. Irod.: Gy\u00e1szjelent;.Moln\u00e1r Gy\u00f6rgy: Vil\u00e1gost\u00f3l Vil\u00e1gosig (Arad, 1881); P\u00e1l-Antal S\u00e1ndor: \u00d6rm\u00e9nyek Mv.-en 1848 el\u0151tt=Pusk\u00e1s-Sz\u00e1sz \u00c1v\u00e9d; Sz\u00e1va 2012<\/p>\n","protected":false},"featured_media":0,"comment_status":"open","ping_status":"closed","template":"","meta":[],"product_brand":[],"product_cat":[137],"product_tag":[],"class_list":{"0":"post-7355","1":"product","2":"type-product","3":"status-publish","5":"product_cat-maros-megyei-eletrajzi-lexikon","7":"first","8":"instock","9":"shipping-taxable","10":"product-type-simple"},"_links":{"self":[{"href":"https:\/\/uj.adatbank.ro\/lexikon\/wp-json\/wp\/v2\/product\/7355","targetHints":{"allow":["GET"]}}],"collection":[{"href":"https:\/\/uj.adatbank.ro\/lexikon\/wp-json\/wp\/v2\/product"}],"about":[{"href":"https:\/\/uj.adatbank.ro\/lexikon\/wp-json\/wp\/v2\/types\/product"}],"replies":[{"embeddable":true,"href":"https:\/\/uj.adatbank.ro\/lexikon\/wp-json\/wp\/v2\/comments?post=7355"}],"wp:attachment":[{"href":"https:\/\/uj.adatbank.ro\/lexikon\/wp-json\/wp\/v2\/media?parent=7355"}],"wp:term":[{"taxonomy":"product_brand","embeddable":true,"href":"https:\/\/uj.adatbank.ro\/lexikon\/wp-json\/wp\/v2\/product_brand?post=7355"},{"taxonomy":"product_cat","embeddable":true,"href":"https:\/\/uj.adatbank.ro\/lexikon\/wp-json\/wp\/v2\/product_cat?post=7355"},{"taxonomy":"product_tag","embeddable":true,"href":"https:\/\/uj.adatbank.ro\/lexikon\/wp-json\/wp\/v2\/product_tag?post=7355"}],"curies":[{"name":"wp","href":"https:\/\/api.w.org\/{rel}","templated":true}]}}