{"id":7359,"date":"2025-06-28T18:23:51","date_gmt":"2025-06-28T16:23:51","guid":{"rendered":"https:\/\/uj.adatbank.ro\/lexikon\/termek\/eranosz-lukacs\/"},"modified":"2025-06-28T18:23:51","modified_gmt":"2025-06-28T16:23:51","slug":"eranosz-lukacs","status":"publish","type":"product","link":"https:\/\/uj.adatbank.ro\/lexikon\/termek\/eranosz-lukacs\/","title":{"rendered":"ERANOSZ Luk\u00e1cs"},"content":{"rendered":"<p>1778, \u2020Mv., 1847. dec. 9: keresked\u0151. \u2013 Neje Is\u00e1k Ter\u00e9z (1781\u20131831). Gyermekeik: AnnaM\u00f3nika (1807. szept. 16- Katalin M\u00e1ria (1809. m\u00e1j. 25\u20131810.j\u00fal.11), Deod\u00e1t (1810. okt. 23\u2013), Katalin (1812.dec.12.\u20131836. j\u00fal.19), Rebeka (1814 aug.27\u2013), Antal (1816.aug. 9.\u2013), J\u00e1nos (1818.nov. 17\u2013). <br \/><strong>Irod.:<\/strong> P\u00e1l-Antal S\u00e1ndor: \u00d6rm\u00e9nyek Mv.-en 1848 el\u0151tt=Pusk\u00e1s-Sz\u00e1sz \u00c1v\u00e9d; Pusk\u00e1s -Sz\u00e1sz \u00c1v\u00e9d<\/br><\/p>\n","protected":false},"excerpt":{"rendered":"<p>1778, \u2020Mv., 1847. dec. 9: keresked\u0151. \u2013 Neje Is\u00e1k Ter\u00e9z (1781\u20131831). Gyermekeik: AnnaM\u00f3nika (1807. szept. 16- Katalin M\u00e1ria (1809. m\u00e1j. 25\u20131810.j\u00fal.11), Deod\u00e1t (1810. okt. 23\u2013), Katalin (1812.dec.12.\u20131836. j\u00fal.19), Rebeka (1814 aug.27\u2013), Antal (1816.aug. 9.\u2013), J\u00e1nos (1818.nov. 17\u2013). Irod.: P\u00e1l-Antal S\u00e1ndor: \u00d6rm\u00e9nyek Mv.-en 1848 el\u0151tt=Pusk\u00e1s-Sz\u00e1sz \u00c1v\u00e9d; Pusk\u00e1s -Sz\u00e1sz \u00c1v\u00e9d<\/p>\n","protected":false},"featured_media":0,"comment_status":"open","ping_status":"closed","template":"","meta":[],"product_brand":[],"product_cat":[137],"product_tag":[],"class_list":{"0":"post-7359","1":"product","2":"type-product","3":"status-publish","5":"product_cat-maros-megyei-eletrajzi-lexikon","7":"first","8":"instock","9":"shipping-taxable","10":"product-type-simple"},"_links":{"self":[{"href":"https:\/\/uj.adatbank.ro\/lexikon\/wp-json\/wp\/v2\/product\/7359","targetHints":{"allow":["GET"]}}],"collection":[{"href":"https:\/\/uj.adatbank.ro\/lexikon\/wp-json\/wp\/v2\/product"}],"about":[{"href":"https:\/\/uj.adatbank.ro\/lexikon\/wp-json\/wp\/v2\/types\/product"}],"replies":[{"embeddable":true,"href":"https:\/\/uj.adatbank.ro\/lexikon\/wp-json\/wp\/v2\/comments?post=7359"}],"wp:attachment":[{"href":"https:\/\/uj.adatbank.ro\/lexikon\/wp-json\/wp\/v2\/media?parent=7359"}],"wp:term":[{"taxonomy":"product_brand","embeddable":true,"href":"https:\/\/uj.adatbank.ro\/lexikon\/wp-json\/wp\/v2\/product_brand?post=7359"},{"taxonomy":"product_cat","embeddable":true,"href":"https:\/\/uj.adatbank.ro\/lexikon\/wp-json\/wp\/v2\/product_cat?post=7359"},{"taxonomy":"product_tag","embeddable":true,"href":"https:\/\/uj.adatbank.ro\/lexikon\/wp-json\/wp\/v2\/product_tag?post=7359"}],"curies":[{"name":"wp","href":"https:\/\/api.w.org\/{rel}","templated":true}]}}