{"id":7360,"date":"2025-06-28T18:23:53","date_gmt":"2025-06-28T16:23:53","guid":{"rendered":"https:\/\/uj.adatbank.ro\/lexikon\/termek\/eranosz-maria-csikmartoni-agopsa-agg-todorne\/"},"modified":"2025-06-28T18:23:53","modified_gmt":"2025-06-28T16:23:53","slug":"eranosz-maria-csikmartoni-agopsa-agg-todorne","status":"publish","type":"product","link":"https:\/\/uj.adatbank.ro\/lexikon\/termek\/eranosz-maria-csikmartoni-agopsa-agg-todorne\/","title":{"rendered":"ER\u00c1NOSZ Maria, csikm\u00e1rtoni, \u00c1gopsa Agg T\u00f3dorn\u00e9"},"content":{"rendered":"<p>Gyergy\u00f3szentmikl\u00f3s, 1806. \u2020\u00a0Mv., 1846. \u00e1pr. 21: ?. \u2013 E. Jakab \u00e9s Merza Kata le\u00e1nya. F\u00e9rje: \u00c1gopsa Agg T\u00f3dor (1796\u20131865). <br \/><strong>Irod.:<\/strong> Sz\u00e1va 2012<\/br><\/p>\n","protected":false},"excerpt":{"rendered":"<p>Gyergy\u00f3szentmikl\u00f3s, 1806. \u2020\u00a0Mv., 1846. \u00e1pr. 21: ?. \u2013 E. Jakab \u00e9s Merza Kata le\u00e1nya. F\u00e9rje: \u00c1gopsa Agg T\u00f3dor (1796\u20131865). Irod.: Sz\u00e1va 2012<\/p>\n","protected":false},"featured_media":0,"comment_status":"open","ping_status":"closed","template":"","meta":[],"product_brand":[],"product_cat":[137],"product_tag":[],"class_list":{"0":"post-7360","1":"product","2":"type-product","3":"status-publish","5":"product_cat-maros-megyei-eletrajzi-lexikon","7":"first","8":"instock","9":"shipping-taxable","10":"product-type-simple"},"_links":{"self":[{"href":"https:\/\/uj.adatbank.ro\/lexikon\/wp-json\/wp\/v2\/product\/7360","targetHints":{"allow":["GET"]}}],"collection":[{"href":"https:\/\/uj.adatbank.ro\/lexikon\/wp-json\/wp\/v2\/product"}],"about":[{"href":"https:\/\/uj.adatbank.ro\/lexikon\/wp-json\/wp\/v2\/types\/product"}],"replies":[{"embeddable":true,"href":"https:\/\/uj.adatbank.ro\/lexikon\/wp-json\/wp\/v2\/comments?post=7360"}],"wp:attachment":[{"href":"https:\/\/uj.adatbank.ro\/lexikon\/wp-json\/wp\/v2\/media?parent=7360"}],"wp:term":[{"taxonomy":"product_brand","embeddable":true,"href":"https:\/\/uj.adatbank.ro\/lexikon\/wp-json\/wp\/v2\/product_brand?post=7360"},{"taxonomy":"product_cat","embeddable":true,"href":"https:\/\/uj.adatbank.ro\/lexikon\/wp-json\/wp\/v2\/product_cat?post=7360"},{"taxonomy":"product_tag","embeddable":true,"href":"https:\/\/uj.adatbank.ro\/lexikon\/wp-json\/wp\/v2\/product_tag?post=7360"}],"curies":[{"name":"wp","href":"https:\/\/api.w.org\/{rel}","templated":true}]}}