{"id":7362,"date":"2025-06-28T18:23:56","date_gmt":"2025-06-28T16:23:56","guid":{"rendered":"https:\/\/uj.adatbank.ro\/lexikon\/termek\/ercse-sandor\/"},"modified":"2025-06-28T18:23:56","modified_gmt":"2025-06-28T16:23:56","slug":"ercse-sandor","status":"publish","type":"product","link":"https:\/\/uj.adatbank.ro\/lexikon\/termek\/ercse-sandor\/","title":{"rendered":"ERCSE S\u00e1ndor"},"content":{"rendered":"<p>? \u2020\u00a0?: tan\u00edt\u00f3, szak\u00edr\u00f3. \u2013 Tan\u00edtott Hadadon, Mez\u0151b\u00e1ndon (1913\u2013). Cikkei a Szil\u00e1gyvm. Tan\u00fcgy-ben. <br \/><strong>Irod.:<\/strong> Guly\u00e1s<\/br><\/p>\n","protected":false},"excerpt":{"rendered":"<p>? \u2020\u00a0?: tan\u00edt\u00f3, szak\u00edr\u00f3. \u2013 Tan\u00edtott Hadadon, Mez\u0151b\u00e1ndon (1913\u2013). Cikkei a Szil\u00e1gyvm. Tan\u00fcgy-ben. Irod.: Guly\u00e1s<\/p>\n","protected":false},"featured_media":0,"comment_status":"open","ping_status":"closed","template":"","meta":[],"product_brand":[],"product_cat":[137],"product_tag":[],"class_list":{"0":"post-7362","1":"product","2":"type-product","3":"status-publish","5":"product_cat-maros-megyei-eletrajzi-lexikon","7":"first","8":"instock","9":"shipping-taxable","10":"product-type-simple"},"_links":{"self":[{"href":"https:\/\/uj.adatbank.ro\/lexikon\/wp-json\/wp\/v2\/product\/7362","targetHints":{"allow":["GET"]}}],"collection":[{"href":"https:\/\/uj.adatbank.ro\/lexikon\/wp-json\/wp\/v2\/product"}],"about":[{"href":"https:\/\/uj.adatbank.ro\/lexikon\/wp-json\/wp\/v2\/types\/product"}],"replies":[{"embeddable":true,"href":"https:\/\/uj.adatbank.ro\/lexikon\/wp-json\/wp\/v2\/comments?post=7362"}],"wp:attachment":[{"href":"https:\/\/uj.adatbank.ro\/lexikon\/wp-json\/wp\/v2\/media?parent=7362"}],"wp:term":[{"taxonomy":"product_brand","embeddable":true,"href":"https:\/\/uj.adatbank.ro\/lexikon\/wp-json\/wp\/v2\/product_brand?post=7362"},{"taxonomy":"product_cat","embeddable":true,"href":"https:\/\/uj.adatbank.ro\/lexikon\/wp-json\/wp\/v2\/product_cat?post=7362"},{"taxonomy":"product_tag","embeddable":true,"href":"https:\/\/uj.adatbank.ro\/lexikon\/wp-json\/wp\/v2\/product_tag?post=7362"}],"curies":[{"name":"wp","href":"https:\/\/api.w.org\/{rel}","templated":true}]}}