{"id":7370,"date":"2025-06-28T18:24:11","date_gmt":"2025-06-28T16:24:11","guid":{"rendered":"https:\/\/uj.adatbank.ro\/lexikon\/termek\/ercsei-jozsef\/"},"modified":"2025-06-28T18:24:11","modified_gmt":"2025-06-28T16:24:11","slug":"ercsei-jozsef","status":"publish","type":"product","link":"https:\/\/uj.adatbank.ro\/lexikon\/termek\/ercsei-jozsef\/","title":{"rendered":"ERCSEI J\u00f3zsef"},"content":{"rendered":"<p>? \u2020 ? : ref. lelk\u00e9sz , tan\u00e1r. \u2013 Mv.-en a Ref. Koll.-ban tan\u00edtott, azut\u00e1n Vaj\u00e1ban volt lelk\u00e9sz (1741), ahonnan Sz\u00e9kesre ker\u00fclt (1773\u201390 ). \u00dajrazsindelyztette a templomot, \u00faj papilakot emelt (1782), kijav\u00edtott\u00e1k a harangl\u00e1bat \u00e9s \u00fajrazsindelyezt\u00e9k. <br \/><strong>Irod.:<\/strong> Sz\u00e9kes<\/br><\/p>\n","protected":false},"excerpt":{"rendered":"<p>? \u2020 ? : ref. lelk\u00e9sz , tan\u00e1r. \u2013 Mv.-en a Ref. Koll.-ban tan\u00edtott, azut\u00e1n Vaj\u00e1ban volt lelk\u00e9sz (1741), ahonnan Sz\u00e9kesre ker\u00fclt (1773\u201390 ). \u00dajrazsindelyztette a templomot, \u00faj papilakot emelt (1782), kijav\u00edtott\u00e1k a harangl\u00e1bat \u00e9s \u00fajrazsindelyezt\u00e9k. Irod.: Sz\u00e9kes<\/p>\n","protected":false},"featured_media":0,"comment_status":"open","ping_status":"closed","template":"","meta":[],"product_brand":[],"product_cat":[137],"product_tag":[],"class_list":{"0":"post-7370","1":"product","2":"type-product","3":"status-publish","5":"product_cat-maros-megyei-eletrajzi-lexikon","7":"first","8":"instock","9":"shipping-taxable","10":"product-type-simple"},"_links":{"self":[{"href":"https:\/\/uj.adatbank.ro\/lexikon\/wp-json\/wp\/v2\/product\/7370","targetHints":{"allow":["GET"]}}],"collection":[{"href":"https:\/\/uj.adatbank.ro\/lexikon\/wp-json\/wp\/v2\/product"}],"about":[{"href":"https:\/\/uj.adatbank.ro\/lexikon\/wp-json\/wp\/v2\/types\/product"}],"replies":[{"embeddable":true,"href":"https:\/\/uj.adatbank.ro\/lexikon\/wp-json\/wp\/v2\/comments?post=7370"}],"wp:attachment":[{"href":"https:\/\/uj.adatbank.ro\/lexikon\/wp-json\/wp\/v2\/media?parent=7370"}],"wp:term":[{"taxonomy":"product_brand","embeddable":true,"href":"https:\/\/uj.adatbank.ro\/lexikon\/wp-json\/wp\/v2\/product_brand?post=7370"},{"taxonomy":"product_cat","embeddable":true,"href":"https:\/\/uj.adatbank.ro\/lexikon\/wp-json\/wp\/v2\/product_cat?post=7370"},{"taxonomy":"product_tag","embeddable":true,"href":"https:\/\/uj.adatbank.ro\/lexikon\/wp-json\/wp\/v2\/product_tag?post=7370"}],"curies":[{"name":"wp","href":"https:\/\/api.w.org\/{rel}","templated":true}]}}