{"id":7373,"date":"2025-06-28T18:24:18","date_gmt":"2025-06-28T16:24:18","guid":{"rendered":"https:\/\/uj.adatbank.ro\/lexikon\/termek\/ercsei-marosi-david\/"},"modified":"2025-06-28T18:24:18","modified_gmt":"2025-06-28T16:24:18","slug":"ercsei-marosi-david","status":"publish","type":"product","link":"https:\/\/uj.adatbank.ro\/lexikon\/termek\/ercsei-marosi-david\/","title":{"rendered":"ERCSEI MAROSI D\u00e1vid"},"content":{"rendered":"<p>? \u2020\u00a0? : ref. tan\u00edt\u00f3. \u2013 Kisilly\u00e9n (1762\u20131764), P\u00f3k\u00e1ban (1766\u20131767), Disznaj\u00f3n (1768\u20131776) \u00e9s Magyars\u00fcly\u00e9ben (1777\u20131780) volt mester. <br \/><strong>Irod.:<\/strong> \u0150sz<\/br><\/p>\n","protected":false},"excerpt":{"rendered":"<p>? \u2020\u00a0? : ref. tan\u00edt\u00f3. \u2013 Kisilly\u00e9n (1762\u20131764), P\u00f3k\u00e1ban (1766\u20131767), Disznaj\u00f3n (1768\u20131776) \u00e9s Magyars\u00fcly\u00e9ben (1777\u20131780) volt mester. Irod.: \u0150sz<\/p>\n","protected":false},"featured_media":0,"comment_status":"open","ping_status":"closed","template":"","meta":[],"product_brand":[],"product_cat":[137],"product_tag":[],"class_list":{"0":"post-7373","1":"product","2":"type-product","3":"status-publish","5":"product_cat-maros-megyei-eletrajzi-lexikon","7":"first","8":"instock","9":"shipping-taxable","10":"product-type-simple"},"_links":{"self":[{"href":"https:\/\/uj.adatbank.ro\/lexikon\/wp-json\/wp\/v2\/product\/7373","targetHints":{"allow":["GET"]}}],"collection":[{"href":"https:\/\/uj.adatbank.ro\/lexikon\/wp-json\/wp\/v2\/product"}],"about":[{"href":"https:\/\/uj.adatbank.ro\/lexikon\/wp-json\/wp\/v2\/types\/product"}],"replies":[{"embeddable":true,"href":"https:\/\/uj.adatbank.ro\/lexikon\/wp-json\/wp\/v2\/comments?post=7373"}],"wp:attachment":[{"href":"https:\/\/uj.adatbank.ro\/lexikon\/wp-json\/wp\/v2\/media?parent=7373"}],"wp:term":[{"taxonomy":"product_brand","embeddable":true,"href":"https:\/\/uj.adatbank.ro\/lexikon\/wp-json\/wp\/v2\/product_brand?post=7373"},{"taxonomy":"product_cat","embeddable":true,"href":"https:\/\/uj.adatbank.ro\/lexikon\/wp-json\/wp\/v2\/product_cat?post=7373"},{"taxonomy":"product_tag","embeddable":true,"href":"https:\/\/uj.adatbank.ro\/lexikon\/wp-json\/wp\/v2\/product_tag?post=7373"}],"curies":[{"name":"wp","href":"https:\/\/api.w.org\/{rel}","templated":true}]}}