{"id":7374,"date":"2025-06-28T18:24:19","date_gmt":"2025-06-28T16:24:19","guid":{"rendered":"https:\/\/uj.adatbank.ro\/lexikon\/termek\/ercsei-marosi-janos\/"},"modified":"2025-06-28T18:24:19","modified_gmt":"2025-06-28T16:24:19","slug":"ercsei-marosi-janos","status":"publish","type":"product","link":"https:\/\/uj.adatbank.ro\/lexikon\/termek\/ercsei-marosi-janos\/","title":{"rendered":"ERCSEI MAROSI J\u00e1nos"},"content":{"rendered":"<p>? \u2020\u00a0? : ref. lelk\u00e9sz. \u2013 Mv.-en (1747), majd Enyeden subscrib\u00e1lt (1752). A b\u00f6g\u00f6zi zsinaton szentelt\u00e9k papp\u00e1 (1761). Disznaj\u00f3n (1765\u201372), P\u00f3k\u00e1ban (1773\u201386), Dedr\u00e1dsz\u00e9plakon (1787\u201388) \u00e9s Als\u00f3b\u00f6lk\u00e9nyben szolg\u00e1lt (1788\u20131804). <br \/><strong>Irod.:<\/strong> \u0150sz<\/br><\/p>\n","protected":false},"excerpt":{"rendered":"<p>? \u2020\u00a0? : ref. lelk\u00e9sz. \u2013 Mv.-en (1747), majd Enyeden subscrib\u00e1lt (1752). A b\u00f6g\u00f6zi zsinaton szentelt\u00e9k papp\u00e1 (1761). Disznaj\u00f3n (1765\u201372), P\u00f3k\u00e1ban (1773\u201386), Dedr\u00e1dsz\u00e9plakon (1787\u201388) \u00e9s Als\u00f3b\u00f6lk\u00e9nyben szolg\u00e1lt (1788\u20131804). Irod.: \u0150sz<\/p>\n","protected":false},"featured_media":0,"comment_status":"open","ping_status":"closed","template":"","meta":[],"product_brand":[],"product_cat":[137],"product_tag":[],"class_list":{"0":"post-7374","1":"product","2":"type-product","3":"status-publish","5":"product_cat-maros-megyei-eletrajzi-lexikon","7":"first","8":"instock","9":"shipping-taxable","10":"product-type-simple"},"_links":{"self":[{"href":"https:\/\/uj.adatbank.ro\/lexikon\/wp-json\/wp\/v2\/product\/7374","targetHints":{"allow":["GET"]}}],"collection":[{"href":"https:\/\/uj.adatbank.ro\/lexikon\/wp-json\/wp\/v2\/product"}],"about":[{"href":"https:\/\/uj.adatbank.ro\/lexikon\/wp-json\/wp\/v2\/types\/product"}],"replies":[{"embeddable":true,"href":"https:\/\/uj.adatbank.ro\/lexikon\/wp-json\/wp\/v2\/comments?post=7374"}],"wp:attachment":[{"href":"https:\/\/uj.adatbank.ro\/lexikon\/wp-json\/wp\/v2\/media?parent=7374"}],"wp:term":[{"taxonomy":"product_brand","embeddable":true,"href":"https:\/\/uj.adatbank.ro\/lexikon\/wp-json\/wp\/v2\/product_brand?post=7374"},{"taxonomy":"product_cat","embeddable":true,"href":"https:\/\/uj.adatbank.ro\/lexikon\/wp-json\/wp\/v2\/product_cat?post=7374"},{"taxonomy":"product_tag","embeddable":true,"href":"https:\/\/uj.adatbank.ro\/lexikon\/wp-json\/wp\/v2\/product_tag?post=7374"}],"curies":[{"name":"wp","href":"https:\/\/api.w.org\/{rel}","templated":true}]}}