{"id":7376,"date":"2025-06-28T18:24:25","date_gmt":"2025-06-28T16:24:25","guid":{"rendered":"https:\/\/uj.adatbank.ro\/lexikon\/termek\/ercsei-samuel-teglasi-ertsei-samuel-teglasi-ertsei-samuel\/"},"modified":"2025-06-28T18:24:25","modified_gmt":"2025-06-28T16:24:25","slug":"ercsei-samuel-teglasi-ertsei-samuel-teglasi-ertsei-samuel","status":"publish","type":"product","link":"https:\/\/uj.adatbank.ro\/lexikon\/termek\/ercsei-samuel-teglasi-ertsei-samuel-teglasi-ertsei-samuel\/","title":{"rendered":"ERCSEI S\u00e1muel, t\u00e9gl\u00e1si, Ertsei S\u00e1muel, T\u00e9gl\u00e1si Ertsei S\u00e1muel"},"content":{"rendered":"<p>? \u2020\u00a0? : ref. lelk\u00e9sz, esperes. \u2013 Zsigmond fia. \u2013 Lelk\u00e9sz a g\u00f6rg\u00e9nyi ref. gyh\u00e1zmegy\u00e9n\u00e9l (1712\u2013). P\u00f3kakereszt\u00faron (1731\u201336), Erd\u0151csin\u00e1don \u00e9s Kisilly\u00e9n (1737\u201360), Pataki Istv\u00e1n ut\u00e1n a G\u00f6rg\u00e9nyi ref. egyh\u00e1zmegye esperese (1754\u201361). <br \/><strong>Irod.:<\/strong> B\u00f6jthe Andor; \u0150sz; Zov\u00e1nyi<\/br><\/p>\n","protected":false},"excerpt":{"rendered":"<p>? \u2020\u00a0? : ref. lelk\u00e9sz, esperes. \u2013 Zsigmond fia. \u2013 Lelk\u00e9sz a g\u00f6rg\u00e9nyi ref. gyh\u00e1zmegy\u00e9n\u00e9l (1712\u2013). P\u00f3kakereszt\u00faron (1731\u201336), Erd\u0151csin\u00e1don \u00e9s Kisilly\u00e9n (1737\u201360), Pataki Istv\u00e1n ut\u00e1n a G\u00f6rg\u00e9nyi ref. egyh\u00e1zmegye esperese (1754\u201361). Irod.: B\u00f6jthe Andor; \u0150sz; Zov\u00e1nyi<\/p>\n","protected":false},"featured_media":0,"comment_status":"open","ping_status":"closed","template":"","meta":[],"product_brand":[],"product_cat":[137],"product_tag":[],"class_list":{"0":"post-7376","1":"product","2":"type-product","3":"status-publish","5":"product_cat-maros-megyei-eletrajzi-lexikon","7":"first","8":"instock","9":"shipping-taxable","10":"product-type-simple"},"_links":{"self":[{"href":"https:\/\/uj.adatbank.ro\/lexikon\/wp-json\/wp\/v2\/product\/7376","targetHints":{"allow":["GET"]}}],"collection":[{"href":"https:\/\/uj.adatbank.ro\/lexikon\/wp-json\/wp\/v2\/product"}],"about":[{"href":"https:\/\/uj.adatbank.ro\/lexikon\/wp-json\/wp\/v2\/types\/product"}],"replies":[{"embeddable":true,"href":"https:\/\/uj.adatbank.ro\/lexikon\/wp-json\/wp\/v2\/comments?post=7376"}],"wp:attachment":[{"href":"https:\/\/uj.adatbank.ro\/lexikon\/wp-json\/wp\/v2\/media?parent=7376"}],"wp:term":[{"taxonomy":"product_brand","embeddable":true,"href":"https:\/\/uj.adatbank.ro\/lexikon\/wp-json\/wp\/v2\/product_brand?post=7376"},{"taxonomy":"product_cat","embeddable":true,"href":"https:\/\/uj.adatbank.ro\/lexikon\/wp-json\/wp\/v2\/product_cat?post=7376"},{"taxonomy":"product_tag","embeddable":true,"href":"https:\/\/uj.adatbank.ro\/lexikon\/wp-json\/wp\/v2\/product_tag?post=7376"}],"curies":[{"name":"wp","href":"https:\/\/api.w.org\/{rel}","templated":true}]}}