{"id":7379,"date":"2025-06-28T18:24:31","date_gmt":"2025-06-28T16:24:31","guid":{"rendered":"https:\/\/uj.adatbank.ro\/lexikon\/termek\/erdei-endre-andras\/"},"modified":"2025-06-28T18:24:31","modified_gmt":"2025-06-28T16:24:31","slug":"erdei-endre-andras","status":"publish","type":"product","link":"https:\/\/uj.adatbank.ro\/lexikon\/termek\/erdei-endre-andras\/","title":{"rendered":"ERDEI Endre Andr\u00e1s"},"content":{"rendered":"<p>1931., \u2020\u00a0Sz\u00e9kelyvaja, 1990. jan. 16.: ref. lelk\u00e9sz. \u2013 Kecsetkisfaluban majd Ny\u00e1r\u00e1dmagyar\u00f3son volt lelk\u00e9sz (1973\u201389), ahonnan Sz\u00e9kelyvaj\u00e1ba t\u00e1vozott, ahol 13 h\u00f3napi szolg\u00e1lat ut\u00e1n autobalesetben elhunyt. Gy\u0171jt\u00e9st szervezett az elsz\u00e1rmazottakt\u00f3l \u00e9s templomot jav\u00edttatott, valamint egy gy\u00e1szkocsit k\u00e9sz\u00edttetett. <br \/><strong>Irod.:<\/strong> [Nekrol\u00f3g] (N\u00fa., 1990. jan. 19.); Ny\u00e1r\u00e1dmagyar\u00f3s le\u00e1nydombjai<\/br><\/p>\n","protected":false},"excerpt":{"rendered":"<p>1931., \u2020\u00a0Sz\u00e9kelyvaja, 1990. jan. 16.: ref. lelk\u00e9sz. \u2013 Kecsetkisfaluban majd Ny\u00e1r\u00e1dmagyar\u00f3son volt lelk\u00e9sz (1973\u201389), ahonnan Sz\u00e9kelyvaj\u00e1ba t\u00e1vozott, ahol 13 h\u00f3napi szolg\u00e1lat ut\u00e1n autobalesetben elhunyt. Gy\u0171jt\u00e9st szervezett az elsz\u00e1rmazottakt\u00f3l \u00e9s templomot jav\u00edttatott, valamint egy gy\u00e1szkocsit k\u00e9sz\u00edttetett. Irod.: [Nekrol\u00f3g] (N\u00fa., 1990. jan. 19.); Ny\u00e1r\u00e1dmagyar\u00f3s le\u00e1nydombjai<\/p>\n","protected":false},"featured_media":0,"comment_status":"open","ping_status":"closed","template":"","meta":[],"product_brand":[],"product_cat":[137],"product_tag":[],"class_list":{"0":"post-7379","1":"product","2":"type-product","3":"status-publish","5":"product_cat-maros-megyei-eletrajzi-lexikon","7":"first","8":"instock","9":"shipping-taxable","10":"product-type-simple"},"_links":{"self":[{"href":"https:\/\/uj.adatbank.ro\/lexikon\/wp-json\/wp\/v2\/product\/7379","targetHints":{"allow":["GET"]}}],"collection":[{"href":"https:\/\/uj.adatbank.ro\/lexikon\/wp-json\/wp\/v2\/product"}],"about":[{"href":"https:\/\/uj.adatbank.ro\/lexikon\/wp-json\/wp\/v2\/types\/product"}],"replies":[{"embeddable":true,"href":"https:\/\/uj.adatbank.ro\/lexikon\/wp-json\/wp\/v2\/comments?post=7379"}],"wp:attachment":[{"href":"https:\/\/uj.adatbank.ro\/lexikon\/wp-json\/wp\/v2\/media?parent=7379"}],"wp:term":[{"taxonomy":"product_brand","embeddable":true,"href":"https:\/\/uj.adatbank.ro\/lexikon\/wp-json\/wp\/v2\/product_brand?post=7379"},{"taxonomy":"product_cat","embeddable":true,"href":"https:\/\/uj.adatbank.ro\/lexikon\/wp-json\/wp\/v2\/product_cat?post=7379"},{"taxonomy":"product_tag","embeddable":true,"href":"https:\/\/uj.adatbank.ro\/lexikon\/wp-json\/wp\/v2\/product_tag?post=7379"}],"curies":[{"name":"wp","href":"https:\/\/api.w.org\/{rel}","templated":true}]}}