{"id":7487,"date":"2025-06-28T18:28:17","date_gmt":"2025-06-28T16:28:17","guid":{"rendered":"https:\/\/uj.adatbank.ro\/lexikon\/termek\/esztegar-janos\/"},"modified":"2025-06-28T18:28:17","modified_gmt":"2025-06-28T16:28:17","slug":"esztegar-janos","status":"publish","type":"product","link":"https:\/\/uj.adatbank.ro\/lexikon\/termek\/esztegar-janos\/","title":{"rendered":"ESZTEG\u00c1R J\u00e1nos"},"content":{"rendered":"<p>? \u2020\u00a0? : remete. \u2013 Zar\u00e1ndok, aki \u00e9p\u00edtettett egy kis k\u00e1poln\u00e1t Szov\u00e1t\u00e1n a Tyuk\u00e1sz-hegy tetej\u00e9n (1886\u201388), a Szent kereszt tisztelet\u00e9re. <br \/><strong>Irod.:<\/strong> Sepsisz\u00e9ki; Szov\u00e1ta<\/br><\/p>\n","protected":false},"excerpt":{"rendered":"<p>? \u2020\u00a0? : remete. \u2013 Zar\u00e1ndok, aki \u00e9p\u00edtettett egy kis k\u00e1poln\u00e1t Szov\u00e1t\u00e1n a Tyuk\u00e1sz-hegy tetej\u00e9n (1886\u201388), a Szent kereszt tisztelet\u00e9re. Irod.: Sepsisz\u00e9ki; Szov\u00e1ta<\/p>\n","protected":false},"featured_media":0,"comment_status":"open","ping_status":"closed","template":"","meta":[],"product_brand":[],"product_cat":[137],"product_tag":[],"class_list":{"0":"post-7487","1":"product","2":"type-product","3":"status-publish","5":"product_cat-maros-megyei-eletrajzi-lexikon","7":"first","8":"instock","9":"shipping-taxable","10":"product-type-simple"},"_links":{"self":[{"href":"https:\/\/uj.adatbank.ro\/lexikon\/wp-json\/wp\/v2\/product\/7487","targetHints":{"allow":["GET"]}}],"collection":[{"href":"https:\/\/uj.adatbank.ro\/lexikon\/wp-json\/wp\/v2\/product"}],"about":[{"href":"https:\/\/uj.adatbank.ro\/lexikon\/wp-json\/wp\/v2\/types\/product"}],"replies":[{"embeddable":true,"href":"https:\/\/uj.adatbank.ro\/lexikon\/wp-json\/wp\/v2\/comments?post=7487"}],"wp:attachment":[{"href":"https:\/\/uj.adatbank.ro\/lexikon\/wp-json\/wp\/v2\/media?parent=7487"}],"wp:term":[{"taxonomy":"product_brand","embeddable":true,"href":"https:\/\/uj.adatbank.ro\/lexikon\/wp-json\/wp\/v2\/product_brand?post=7487"},{"taxonomy":"product_cat","embeddable":true,"href":"https:\/\/uj.adatbank.ro\/lexikon\/wp-json\/wp\/v2\/product_cat?post=7487"},{"taxonomy":"product_tag","embeddable":true,"href":"https:\/\/uj.adatbank.ro\/lexikon\/wp-json\/wp\/v2\/product_tag?post=7487"}],"curies":[{"name":"wp","href":"https:\/\/api.w.org\/{rel}","templated":true}]}}