{"id":7488,"date":"2025-06-28T18:28:18","date_gmt":"2025-06-28T16:28:18","guid":{"rendered":"https:\/\/uj.adatbank.ro\/lexikon\/termek\/esztegar-todor\/"},"modified":"2025-06-28T18:28:18","modified_gmt":"2025-06-28T16:28:18","slug":"esztegar-todor","status":"publish","type":"product","link":"https:\/\/uj.adatbank.ro\/lexikon\/termek\/esztegar-todor\/","title":{"rendered":"ESZTEG\u00c1R Todor"},"content":{"rendered":"<p>? \u2020\u00a0? : nagykeresked\u0151. \u2013 Mv.-en. Egyemletes sarokh\u00e1z\u00e1ba (D\u00f3zsa Gy. 7.sz.\/S\u00e1ndor J\u00e1nos u. \u00e9s a T. Vladimirescu\/ Tisza K\u00e1lm\u00e1n u. sark\u00e1n) k\u00f6lt\u00f6z\u00f6tt a Fog\u00e1szati Klinika (1951\u201380 k.) az \u00e9p\u00fclet lebont\u00e1s\u00e1ig, ma a Rom\u00e1n Kereskedelmi Bank \u00e9s a megyei p\u00e9nz\u00fcgyi palota \u00faj \u00e9p\u00fclete \u00e1ll a hely\u00e9n. <br \/><strong>Irod.:<\/strong> P\u00e9ter Mih\u00e1ly 2006<\/br><\/p>\n","protected":false},"excerpt":{"rendered":"<p>? \u2020\u00a0? : nagykeresked\u0151. \u2013 Mv.-en. Egyemletes sarokh\u00e1z\u00e1ba (D\u00f3zsa Gy. 7.sz.\/S\u00e1ndor J\u00e1nos u. \u00e9s a T. Vladimirescu\/ Tisza K\u00e1lm\u00e1n u. sark\u00e1n) k\u00f6lt\u00f6z\u00f6tt a Fog\u00e1szati Klinika (1951\u201380 k.) az \u00e9p\u00fclet lebont\u00e1s\u00e1ig, ma a Rom\u00e1n Kereskedelmi Bank \u00e9s a megyei p\u00e9nz\u00fcgyi palota \u00faj \u00e9p\u00fclete \u00e1ll a hely\u00e9n. Irod.: P\u00e9ter Mih\u00e1ly 2006<\/p>\n","protected":false},"featured_media":0,"comment_status":"open","ping_status":"closed","template":"","meta":[],"product_brand":[],"product_cat":[137],"product_tag":[],"class_list":{"0":"post-7488","1":"product","2":"type-product","3":"status-publish","5":"product_cat-maros-megyei-eletrajzi-lexikon","7":"first","8":"instock","9":"shipping-taxable","10":"product-type-simple"},"_links":{"self":[{"href":"https:\/\/uj.adatbank.ro\/lexikon\/wp-json\/wp\/v2\/product\/7488","targetHints":{"allow":["GET"]}}],"collection":[{"href":"https:\/\/uj.adatbank.ro\/lexikon\/wp-json\/wp\/v2\/product"}],"about":[{"href":"https:\/\/uj.adatbank.ro\/lexikon\/wp-json\/wp\/v2\/types\/product"}],"replies":[{"embeddable":true,"href":"https:\/\/uj.adatbank.ro\/lexikon\/wp-json\/wp\/v2\/comments?post=7488"}],"wp:attachment":[{"href":"https:\/\/uj.adatbank.ro\/lexikon\/wp-json\/wp\/v2\/media?parent=7488"}],"wp:term":[{"taxonomy":"product_brand","embeddable":true,"href":"https:\/\/uj.adatbank.ro\/lexikon\/wp-json\/wp\/v2\/product_brand?post=7488"},{"taxonomy":"product_cat","embeddable":true,"href":"https:\/\/uj.adatbank.ro\/lexikon\/wp-json\/wp\/v2\/product_cat?post=7488"},{"taxonomy":"product_tag","embeddable":true,"href":"https:\/\/uj.adatbank.ro\/lexikon\/wp-json\/wp\/v2\/product_tag?post=7488"}],"curies":[{"name":"wp","href":"https:\/\/api.w.org\/{rel}","templated":true}]}}