{"id":7489,"date":"2025-06-28T18:28:20","date_gmt":"2025-06-28T16:28:20","guid":{"rendered":"https:\/\/uj.adatbank.ro\/lexikon\/termek\/esztegar-todorne-papp-ilona\/"},"modified":"2025-06-28T18:28:20","modified_gmt":"2025-06-28T16:28:20","slug":"esztegar-todorne-papp-ilona","status":"publish","type":"product","link":"https:\/\/uj.adatbank.ro\/lexikon\/termek\/esztegar-todorne-papp-ilona\/","title":{"rendered":"ESZTEG\u00c1R Todorn\u00e9; Papp Ilona"},"content":{"rendered":"<p>Szatm\u00e1rn\u00e9meti, 1897., \u2020\u00a0? : tan\u00e1rn\u0151. \u2013 Tanulm\u00e1nyait elv\u00e9gezve, mint okleveles polg. iskolai tan\u00e1rn\u0151 Nagyv\u00e1radon, Szatm\u00e1ron (1919\u2013) kezdett tan\u00edtani, majd Mv.-en m\u0171k\u00f6d\u00f6tt. <br \/><strong>Irod.:<\/strong> Sz\u00e9kelyf\u00f6ld \u00ed.k.<\/br><\/p>\n","protected":false},"excerpt":{"rendered":"<p>Szatm\u00e1rn\u00e9meti, 1897., \u2020\u00a0? : tan\u00e1rn\u0151. \u2013 Tanulm\u00e1nyait elv\u00e9gezve, mint okleveles polg. iskolai tan\u00e1rn\u0151 Nagyv\u00e1radon, Szatm\u00e1ron (1919\u2013) kezdett tan\u00edtani, majd Mv.-en m\u0171k\u00f6d\u00f6tt. Irod.: Sz\u00e9kelyf\u00f6ld \u00ed.k.<\/p>\n","protected":false},"featured_media":0,"comment_status":"open","ping_status":"closed","template":"","meta":[],"product_brand":[],"product_cat":[137],"product_tag":[],"class_list":{"0":"post-7489","1":"product","2":"type-product","3":"status-publish","5":"product_cat-maros-megyei-eletrajzi-lexikon","7":"first","8":"instock","9":"shipping-taxable","10":"product-type-simple"},"_links":{"self":[{"href":"https:\/\/uj.adatbank.ro\/lexikon\/wp-json\/wp\/v2\/product\/7489","targetHints":{"allow":["GET"]}}],"collection":[{"href":"https:\/\/uj.adatbank.ro\/lexikon\/wp-json\/wp\/v2\/product"}],"about":[{"href":"https:\/\/uj.adatbank.ro\/lexikon\/wp-json\/wp\/v2\/types\/product"}],"replies":[{"embeddable":true,"href":"https:\/\/uj.adatbank.ro\/lexikon\/wp-json\/wp\/v2\/comments?post=7489"}],"wp:attachment":[{"href":"https:\/\/uj.adatbank.ro\/lexikon\/wp-json\/wp\/v2\/media?parent=7489"}],"wp:term":[{"taxonomy":"product_brand","embeddable":true,"href":"https:\/\/uj.adatbank.ro\/lexikon\/wp-json\/wp\/v2\/product_brand?post=7489"},{"taxonomy":"product_cat","embeddable":true,"href":"https:\/\/uj.adatbank.ro\/lexikon\/wp-json\/wp\/v2\/product_cat?post=7489"},{"taxonomy":"product_tag","embeddable":true,"href":"https:\/\/uj.adatbank.ro\/lexikon\/wp-json\/wp\/v2\/product_tag?post=7489"}],"curies":[{"name":"wp","href":"https:\/\/api.w.org\/{rel}","templated":true}]}}