{"id":7490,"date":"2025-06-28T18:28:22","date_gmt":"2025-06-28T16:28:22","guid":{"rendered":"https:\/\/uj.adatbank.ro\/lexikon\/termek\/esztergomi-zsigmond\/"},"modified":"2025-06-28T18:28:22","modified_gmt":"2025-06-28T16:28:22","slug":"esztergomi-zsigmond","status":"publish","type":"product","link":"https:\/\/uj.adatbank.ro\/lexikon\/termek\/esztergomi-zsigmond\/","title":{"rendered":"ESZTERGOMI Zsigmond"},"content":{"rendered":"<p>? \u2020\u00a0? : r. k. szerzetes. \u2013 A mv.-i szerzetesrend tagja, ahol a k\u00e9zirat\u00e1nak t\u00e1bl\u00e1j\u00e1ra tett bejegyz\u00e9sek szerint 1723.-ban \u00edrta munk\u00e1j\u00e1t. Sz\u00e9plaki Mih\u00e1ly fi\u00e1nak nevel\u0151je volt (1726\u2013); tan\u00edt\u00f3nak nevezt\u00e9k ki a Ref. Koll. po\u00e9tikai oszt\u00e1lyba (1726. aug. 26\u2013). \u2013 <strong>F. m.:<\/strong> <strong>K\u00e9ziratban:<\/strong> Compendium historiae ecclesiasticae (Agropoli, 1723). <br \/><strong>Irod.:<\/strong> Szinnyei<\/br><\/p>\n","protected":false},"excerpt":{"rendered":"<p>? \u2020\u00a0? : r. k. szerzetes. \u2013 A mv.-i szerzetesrend tagja, ahol a k\u00e9zirat\u00e1nak t\u00e1bl\u00e1j\u00e1ra tett bejegyz\u00e9sek szerint 1723.-ban \u00edrta munk\u00e1j\u00e1t. Sz\u00e9plaki Mih\u00e1ly fi\u00e1nak nevel\u0151je volt (1726\u2013); tan\u00edt\u00f3nak nevezt\u00e9k ki a Ref. Koll. po\u00e9tikai oszt\u00e1lyba (1726. aug. 26\u2013). \u2013 F. m.: K\u00e9ziratban: Compendium historiae ecclesiasticae (Agropoli, 1723). Irod.: Szinnyei<\/p>\n","protected":false},"featured_media":0,"comment_status":"open","ping_status":"closed","template":"","meta":[],"product_brand":[],"product_cat":[137],"product_tag":[],"class_list":{"0":"post-7490","1":"product","2":"type-product","3":"status-publish","5":"product_cat-maros-megyei-eletrajzi-lexikon","7":"first","8":"instock","9":"shipping-taxable","10":"product-type-simple"},"_links":{"self":[{"href":"https:\/\/uj.adatbank.ro\/lexikon\/wp-json\/wp\/v2\/product\/7490","targetHints":{"allow":["GET"]}}],"collection":[{"href":"https:\/\/uj.adatbank.ro\/lexikon\/wp-json\/wp\/v2\/product"}],"about":[{"href":"https:\/\/uj.adatbank.ro\/lexikon\/wp-json\/wp\/v2\/types\/product"}],"replies":[{"embeddable":true,"href":"https:\/\/uj.adatbank.ro\/lexikon\/wp-json\/wp\/v2\/comments?post=7490"}],"wp:attachment":[{"href":"https:\/\/uj.adatbank.ro\/lexikon\/wp-json\/wp\/v2\/media?parent=7490"}],"wp:term":[{"taxonomy":"product_brand","embeddable":true,"href":"https:\/\/uj.adatbank.ro\/lexikon\/wp-json\/wp\/v2\/product_brand?post=7490"},{"taxonomy":"product_cat","embeddable":true,"href":"https:\/\/uj.adatbank.ro\/lexikon\/wp-json\/wp\/v2\/product_cat?post=7490"},{"taxonomy":"product_tag","embeddable":true,"href":"https:\/\/uj.adatbank.ro\/lexikon\/wp-json\/wp\/v2\/product_tag?post=7490"}],"curies":[{"name":"wp","href":"https:\/\/api.w.org\/{rel}","templated":true}]}}