{"id":7491,"date":"2025-06-28T18:28:25","date_gmt":"2025-06-28T16:28:25","guid":{"rendered":"https:\/\/uj.adatbank.ro\/lexikon\/termek\/eszterhazy-denes-galantai-gr-esterhazi-denes\/"},"modified":"2025-06-28T18:28:25","modified_gmt":"2025-06-28T16:28:25","slug":"eszterhazy-denes-galantai-gr-esterhazi-denes","status":"publish","type":"product","link":"https:\/\/uj.adatbank.ro\/lexikon\/termek\/eszterhazy-denes-galantai-gr-esterhazi-denes\/","title":{"rendered":"ESZTERH\u00c1ZY D\u00e9nes, gal\u00e1ntai gr., Esterh\u00e1zi D\u00e9nes"},"content":{"rendered":"<p>1789. \u2020 1862.: birtokos f\u0151\u00far. \u2013 A gal\u00e1ntai \u00e1gb\u00f3l Erd\u00e9lybe szakadt. Feles\u00e9ge: Haller Cecilia, akinek r\u00e9v\u00e9n a szentdemeteri kast\u00e9ly \u00e9s uradalom birtokosa. <br \/><strong>Irod.:<\/strong> B. Nagy Margit 1973; Gudenus, K\u0151v\u00e1ry 1866; Lukinich; Nagy Iv\u00e1n; Orb\u00e1n Bal\u00e1zs; P\u00e1lmay<\/br><\/p>\n","protected":false},"excerpt":{"rendered":"<p>1789. \u2020 1862.: birtokos f\u0151\u00far. \u2013 A gal\u00e1ntai \u00e1gb\u00f3l Erd\u00e9lybe szakadt. Feles\u00e9ge: Haller Cecilia, akinek r\u00e9v\u00e9n a szentdemeteri kast\u00e9ly \u00e9s uradalom birtokosa. Irod.: B. Nagy Margit 1973; Gudenus, K\u0151v\u00e1ry 1866; Lukinich; Nagy Iv\u00e1n; Orb\u00e1n Bal\u00e1zs; P\u00e1lmay<\/p>\n","protected":false},"featured_media":0,"comment_status":"open","ping_status":"closed","template":"","meta":[],"product_brand":[],"product_cat":[137],"product_tag":[],"class_list":{"0":"post-7491","1":"product","2":"type-product","3":"status-publish","5":"product_cat-maros-megyei-eletrajzi-lexikon","7":"first","8":"instock","9":"shipping-taxable","10":"product-type-simple"},"_links":{"self":[{"href":"https:\/\/uj.adatbank.ro\/lexikon\/wp-json\/wp\/v2\/product\/7491","targetHints":{"allow":["GET"]}}],"collection":[{"href":"https:\/\/uj.adatbank.ro\/lexikon\/wp-json\/wp\/v2\/product"}],"about":[{"href":"https:\/\/uj.adatbank.ro\/lexikon\/wp-json\/wp\/v2\/types\/product"}],"replies":[{"embeddable":true,"href":"https:\/\/uj.adatbank.ro\/lexikon\/wp-json\/wp\/v2\/comments?post=7491"}],"wp:attachment":[{"href":"https:\/\/uj.adatbank.ro\/lexikon\/wp-json\/wp\/v2\/media?parent=7491"}],"wp:term":[{"taxonomy":"product_brand","embeddable":true,"href":"https:\/\/uj.adatbank.ro\/lexikon\/wp-json\/wp\/v2\/product_brand?post=7491"},{"taxonomy":"product_cat","embeddable":true,"href":"https:\/\/uj.adatbank.ro\/lexikon\/wp-json\/wp\/v2\/product_cat?post=7491"},{"taxonomy":"product_tag","embeddable":true,"href":"https:\/\/uj.adatbank.ro\/lexikon\/wp-json\/wp\/v2\/product_tag?post=7491"}],"curies":[{"name":"wp","href":"https:\/\/api.w.org\/{rel}","templated":true}]}}