{"id":7492,"date":"2025-06-28T18:28:31","date_gmt":"2025-06-28T16:28:31","guid":{"rendered":"https:\/\/uj.adatbank.ro\/lexikon\/termek\/eszterhazy-istvan-gr\/"},"modified":"2025-06-28T18:28:31","modified_gmt":"2025-06-28T16:28:31","slug":"eszterhazy-istvan-gr","status":"publish","type":"product","link":"https:\/\/uj.adatbank.ro\/lexikon\/termek\/eszterhazy-istvan-gr\/","title":{"rendered":"ESZTERH\u00c1ZY Istv\u00e1n, gr."},"content":{"rendered":"<p>? \u2020\u00a0?\u00a0: birtokos. \u2013 Abosfalv\u00e1n bortermeszt\u0151, n\u00e1dtermel\u0151 helye, kasz\u00e1l\u00f3ja volt. <br \/><strong>Irod.:<\/strong> Pesty 2014<\/br><\/p>\n","protected":false},"excerpt":{"rendered":"<p>? \u2020\u00a0?\u00a0: birtokos. \u2013 Abosfalv\u00e1n bortermeszt\u0151, n\u00e1dtermel\u0151 helye, kasz\u00e1l\u00f3ja volt. Irod.: Pesty 2014<\/p>\n","protected":false},"featured_media":0,"comment_status":"open","ping_status":"closed","template":"","meta":[],"product_brand":[],"product_cat":[137],"product_tag":[],"class_list":{"0":"post-7492","1":"product","2":"type-product","3":"status-publish","5":"product_cat-maros-megyei-eletrajzi-lexikon","7":"first","8":"instock","9":"shipping-taxable","10":"product-type-simple"},"_links":{"self":[{"href":"https:\/\/uj.adatbank.ro\/lexikon\/wp-json\/wp\/v2\/product\/7492","targetHints":{"allow":["GET"]}}],"collection":[{"href":"https:\/\/uj.adatbank.ro\/lexikon\/wp-json\/wp\/v2\/product"}],"about":[{"href":"https:\/\/uj.adatbank.ro\/lexikon\/wp-json\/wp\/v2\/types\/product"}],"replies":[{"embeddable":true,"href":"https:\/\/uj.adatbank.ro\/lexikon\/wp-json\/wp\/v2\/comments?post=7492"}],"wp:attachment":[{"href":"https:\/\/uj.adatbank.ro\/lexikon\/wp-json\/wp\/v2\/media?parent=7492"}],"wp:term":[{"taxonomy":"product_brand","embeddable":true,"href":"https:\/\/uj.adatbank.ro\/lexikon\/wp-json\/wp\/v2\/product_brand?post=7492"},{"taxonomy":"product_cat","embeddable":true,"href":"https:\/\/uj.adatbank.ro\/lexikon\/wp-json\/wp\/v2\/product_cat?post=7492"},{"taxonomy":"product_tag","embeddable":true,"href":"https:\/\/uj.adatbank.ro\/lexikon\/wp-json\/wp\/v2\/product_tag?post=7492"}],"curies":[{"name":"wp","href":"https:\/\/api.w.org\/{rel}","templated":true}]}}