{"id":7494,"date":"2025-06-28T18:28:35","date_gmt":"2025-06-28T16:28:35","guid":{"rendered":"https:\/\/uj.adatbank.ro\/lexikon\/termek\/etfalvi-laszlo\/"},"modified":"2025-06-28T18:28:35","modified_gmt":"2025-06-28T16:28:35","slug":"etfalvi-laszlo","status":"publish","type":"product","link":"https:\/\/uj.adatbank.ro\/lexikon\/termek\/etfalvi-laszlo\/","title":{"rendered":"\u00c9TFALVI L\u00e1szl\u00f3"},"content":{"rendered":"<p>? \u2020\u00a0? : ref. tan\u00edt\u00f3, l\u00e9vita. \u2013 Mv-en subscrib\u00e1lt (1752). Toldalagon (1758\u201364 \u2013 l\u00e9vita), Magyarr\u00e9genben (1765\u201369) \u00e9s Unok\u00e1ban (1770\u201373) volt mester. <br \/><strong>Irod.:<\/strong> \u0150sz<\/br><\/p>\n","protected":false},"excerpt":{"rendered":"<p>? \u2020\u00a0? : ref. tan\u00edt\u00f3, l\u00e9vita. \u2013 Mv-en subscrib\u00e1lt (1752). Toldalagon (1758\u201364 \u2013 l\u00e9vita), Magyarr\u00e9genben (1765\u201369) \u00e9s Unok\u00e1ban (1770\u201373) volt mester. Irod.: \u0150sz<\/p>\n","protected":false},"featured_media":0,"comment_status":"open","ping_status":"closed","template":"","meta":[],"product_brand":[],"product_cat":[137],"product_tag":[],"class_list":{"0":"post-7494","1":"product","2":"type-product","3":"status-publish","5":"product_cat-maros-megyei-eletrajzi-lexikon","7":"first","8":"instock","9":"shipping-taxable","10":"product-type-simple"},"_links":{"self":[{"href":"https:\/\/uj.adatbank.ro\/lexikon\/wp-json\/wp\/v2\/product\/7494","targetHints":{"allow":["GET"]}}],"collection":[{"href":"https:\/\/uj.adatbank.ro\/lexikon\/wp-json\/wp\/v2\/product"}],"about":[{"href":"https:\/\/uj.adatbank.ro\/lexikon\/wp-json\/wp\/v2\/types\/product"}],"replies":[{"embeddable":true,"href":"https:\/\/uj.adatbank.ro\/lexikon\/wp-json\/wp\/v2\/comments?post=7494"}],"wp:attachment":[{"href":"https:\/\/uj.adatbank.ro\/lexikon\/wp-json\/wp\/v2\/media?parent=7494"}],"wp:term":[{"taxonomy":"product_brand","embeddable":true,"href":"https:\/\/uj.adatbank.ro\/lexikon\/wp-json\/wp\/v2\/product_brand?post=7494"},{"taxonomy":"product_cat","embeddable":true,"href":"https:\/\/uj.adatbank.ro\/lexikon\/wp-json\/wp\/v2\/product_cat?post=7494"},{"taxonomy":"product_tag","embeddable":true,"href":"https:\/\/uj.adatbank.ro\/lexikon\/wp-json\/wp\/v2\/product_tag?post=7494"}],"curies":[{"name":"wp","href":"https:\/\/api.w.org\/{rel}","templated":true}]}}