{"id":7495,"date":"2025-06-28T18:28:37","date_gmt":"2025-06-28T16:28:37","guid":{"rendered":"https:\/\/uj.adatbank.ro\/lexikon\/termek\/everth-johann-ewerth-johann\/"},"modified":"2025-06-28T18:28:37","modified_gmt":"2025-06-28T16:28:37","slug":"everth-johann-ewerth-johann","status":"publish","type":"product","link":"https:\/\/uj.adatbank.ro\/lexikon\/termek\/everth-johann-ewerth-johann\/","title":{"rendered":"EVERTH Johann, Ewerth Johann"},"content":{"rendered":"<p>Sz\u00e1szk\u00e9zd, 1767., \u2020 Kem\u00e9nynagysz\u0151l\u0151s, 1848. m\u00e1j. 7.: tan\u00e1r, lelkip\u00e1sztor. \u2013 Tanult Segesv\u00e1ron, azut\u00e1n B\u00e9csben \u00e9s T\u00fcbingenben teol\u00f3gi\u00e1t (1789). Tan\u00edtott Segesv\u00e1ron (1796\u2013); lelkip\u00e1sztor Nagysz\u0151ll\u0151s\u00f6n (1805\u201348). Az E.-h\u00e1z Segesv\u00e1ron \u00e9p\u00fclt (16. sz, 19.sz.-ban, az \u201eA\u201d kateg\u00f3ri\u00e1ba tartoz\u00f3 m\u0171eml\u00e9k (Bastionului u.4.). <br \/><strong>Irod.:<\/strong> Szab\u00f3\u2013Sz\u00f6gi; Valori mure\u015fene de patrimoniu<\/br><\/p>\n","protected":false},"excerpt":{"rendered":"<p>Sz\u00e1szk\u00e9zd, 1767., \u2020 Kem\u00e9nynagysz\u0151l\u0151s, 1848. m\u00e1j. 7.: tan\u00e1r, lelkip\u00e1sztor. \u2013 Tanult Segesv\u00e1ron, azut\u00e1n B\u00e9csben \u00e9s T\u00fcbingenben teol\u00f3gi\u00e1t (1789). Tan\u00edtott Segesv\u00e1ron (1796\u2013); lelkip\u00e1sztor Nagysz\u0151ll\u0151s\u00f6n (1805\u201348). Az E.-h\u00e1z Segesv\u00e1ron \u00e9p\u00fclt (16. sz, 19.sz.-ban, az \u201eA\u201d kateg\u00f3ri\u00e1ba tartoz\u00f3 m\u0171eml\u00e9k (Bastionului u.4.). Irod.: Szab\u00f3\u2013Sz\u00f6gi; Valori mure\u015fene de patrimoniu<\/p>\n","protected":false},"featured_media":0,"comment_status":"open","ping_status":"closed","template":"","meta":[],"product_brand":[],"product_cat":[137],"product_tag":[],"class_list":{"0":"post-7495","1":"product","2":"type-product","3":"status-publish","5":"product_cat-maros-megyei-eletrajzi-lexikon","7":"first","8":"instock","9":"shipping-taxable","10":"product-type-simple"},"_links":{"self":[{"href":"https:\/\/uj.adatbank.ro\/lexikon\/wp-json\/wp\/v2\/product\/7495","targetHints":{"allow":["GET"]}}],"collection":[{"href":"https:\/\/uj.adatbank.ro\/lexikon\/wp-json\/wp\/v2\/product"}],"about":[{"href":"https:\/\/uj.adatbank.ro\/lexikon\/wp-json\/wp\/v2\/types\/product"}],"replies":[{"embeddable":true,"href":"https:\/\/uj.adatbank.ro\/lexikon\/wp-json\/wp\/v2\/comments?post=7495"}],"wp:attachment":[{"href":"https:\/\/uj.adatbank.ro\/lexikon\/wp-json\/wp\/v2\/media?parent=7495"}],"wp:term":[{"taxonomy":"product_brand","embeddable":true,"href":"https:\/\/uj.adatbank.ro\/lexikon\/wp-json\/wp\/v2\/product_brand?post=7495"},{"taxonomy":"product_cat","embeddable":true,"href":"https:\/\/uj.adatbank.ro\/lexikon\/wp-json\/wp\/v2\/product_cat?post=7495"},{"taxonomy":"product_tag","embeddable":true,"href":"https:\/\/uj.adatbank.ro\/lexikon\/wp-json\/wp\/v2\/product_tag?post=7495"}],"curies":[{"name":"wp","href":"https:\/\/api.w.org\/{rel}","templated":true}]}}