{"id":7499,"date":"2025-06-29T09:54:12","date_gmt":"2025-06-29T07:54:12","guid":{"rendered":"https:\/\/uj.adatbank.ro\/lexikon\/termek\/faber-kovacs-janos-faber-janos-kovacs-janos\/"},"modified":"2025-06-29T09:54:12","modified_gmt":"2025-06-29T07:54:12","slug":"faber-kovacs-janos-faber-janos-kovacs-janos","status":"publish","type":"product","link":"https:\/\/uj.adatbank.ro\/lexikon\/termek\/faber-kovacs-janos-faber-janos-kovacs-janos\/","title":{"rendered":"F\u00c1BER (KOV\u00c1CS) J\u00e1nos, F\u00e1ber J\u00e1nos, Kov\u00e1cs J\u00e1nos"},"content":{"rendered":"<p>? \u2020? : v\u00e1rosb\u00edr\u00f3. \u2013 Mv. v\u00e1ros f\u0151b\u00edr\u00e1ja (1507, 1519). <br \/><strong>Irod.:<\/strong> Id\u0151t\u00e1r 1<\/br><\/p>\n","protected":false},"excerpt":{"rendered":"<p>? \u2020? : v\u00e1rosb\u00edr\u00f3. \u2013 Mv. v\u00e1ros f\u0151b\u00edr\u00e1ja (1507, 1519). Irod.: Id\u0151t\u00e1r 1<\/p>\n","protected":false},"featured_media":0,"comment_status":"open","ping_status":"closed","template":"","meta":[],"product_brand":[],"product_cat":[137],"product_tag":[],"class_list":{"0":"post-7499","1":"product","2":"type-product","3":"status-publish","5":"product_cat-maros-megyei-eletrajzi-lexikon","7":"first","8":"instock","9":"shipping-taxable","10":"product-type-simple"},"_links":{"self":[{"href":"https:\/\/uj.adatbank.ro\/lexikon\/wp-json\/wp\/v2\/product\/7499","targetHints":{"allow":["GET"]}}],"collection":[{"href":"https:\/\/uj.adatbank.ro\/lexikon\/wp-json\/wp\/v2\/product"}],"about":[{"href":"https:\/\/uj.adatbank.ro\/lexikon\/wp-json\/wp\/v2\/types\/product"}],"replies":[{"embeddable":true,"href":"https:\/\/uj.adatbank.ro\/lexikon\/wp-json\/wp\/v2\/comments?post=7499"}],"wp:attachment":[{"href":"https:\/\/uj.adatbank.ro\/lexikon\/wp-json\/wp\/v2\/media?parent=7499"}],"wp:term":[{"taxonomy":"product_brand","embeddable":true,"href":"https:\/\/uj.adatbank.ro\/lexikon\/wp-json\/wp\/v2\/product_brand?post=7499"},{"taxonomy":"product_cat","embeddable":true,"href":"https:\/\/uj.adatbank.ro\/lexikon\/wp-json\/wp\/v2\/product_cat?post=7499"},{"taxonomy":"product_tag","embeddable":true,"href":"https:\/\/uj.adatbank.ro\/lexikon\/wp-json\/wp\/v2\/product_tag?post=7499"}],"curies":[{"name":"wp","href":"https:\/\/api.w.org\/{rel}","templated":true}]}}