{"id":7500,"date":"2025-06-29T09:54:15","date_gmt":"2025-06-29T07:54:15","guid":{"rendered":"https:\/\/uj.adatbank.ro\/lexikon\/termek\/fabian-andor-istvan\/"},"modified":"2025-06-29T09:54:15","modified_gmt":"2025-06-29T07:54:15","slug":"fabian-andor-istvan","status":"publish","type":"product","link":"https:\/\/uj.adatbank.ro\/lexikon\/termek\/fabian-andor-istvan\/","title":{"rendered":"F\u00c1BI\u00c1N Andor Istv\u00e1n"},"content":{"rendered":"<p>G\u00f6rg\u00e9nyszentimre, 1925. szept. 13., \u2020\u00a0? : orvos. \u2013 Mv.-en az OGYI hallgat\u00f3ja volt (1952). Katonaorvos belgy\u00f3gy\u00e1sz (1952\u201356); falusi k\u00f6rorvos (1956\u201362); orvos Ia\u015fi-ban (1962\u201363), Dics\u0151szentm\u00e1rtonban (1963\u201367), Cs\u00edkszered\u00e1n (1967\u201388); nyugd\u00edjas Mv.-en (1988\u2013). <br \/><strong>Irod.:<\/strong> RMKK<\/br><\/p>\n","protected":false},"excerpt":{"rendered":"<p>G\u00f6rg\u00e9nyszentimre, 1925. szept. 13., \u2020\u00a0? : orvos. \u2013 Mv.-en az OGYI hallgat\u00f3ja volt (1952). Katonaorvos belgy\u00f3gy\u00e1sz (1952\u201356); falusi k\u00f6rorvos (1956\u201362); orvos Ia\u015fi-ban (1962\u201363), Dics\u0151szentm\u00e1rtonban (1963\u201367), Cs\u00edkszered\u00e1n (1967\u201388); nyugd\u00edjas Mv.-en (1988\u2013). Irod.: RMKK<\/p>\n","protected":false},"featured_media":0,"comment_status":"open","ping_status":"closed","template":"","meta":[],"product_brand":[],"product_cat":[137],"product_tag":[],"class_list":{"0":"post-7500","1":"product","2":"type-product","3":"status-publish","5":"product_cat-maros-megyei-eletrajzi-lexikon","7":"first","8":"instock","9":"shipping-taxable","10":"product-type-simple"},"_links":{"self":[{"href":"https:\/\/uj.adatbank.ro\/lexikon\/wp-json\/wp\/v2\/product\/7500","targetHints":{"allow":["GET"]}}],"collection":[{"href":"https:\/\/uj.adatbank.ro\/lexikon\/wp-json\/wp\/v2\/product"}],"about":[{"href":"https:\/\/uj.adatbank.ro\/lexikon\/wp-json\/wp\/v2\/types\/product"}],"replies":[{"embeddable":true,"href":"https:\/\/uj.adatbank.ro\/lexikon\/wp-json\/wp\/v2\/comments?post=7500"}],"wp:attachment":[{"href":"https:\/\/uj.adatbank.ro\/lexikon\/wp-json\/wp\/v2\/media?parent=7500"}],"wp:term":[{"taxonomy":"product_brand","embeddable":true,"href":"https:\/\/uj.adatbank.ro\/lexikon\/wp-json\/wp\/v2\/product_brand?post=7500"},{"taxonomy":"product_cat","embeddable":true,"href":"https:\/\/uj.adatbank.ro\/lexikon\/wp-json\/wp\/v2\/product_cat?post=7500"},{"taxonomy":"product_tag","embeddable":true,"href":"https:\/\/uj.adatbank.ro\/lexikon\/wp-json\/wp\/v2\/product_tag?post=7500"}],"curies":[{"name":"wp","href":"https:\/\/api.w.org\/{rel}","templated":true}]}}